{"id":461,"date":"2020-05-11T16:11:19","date_gmt":"2020-05-11T16:11:19","guid":{"rendered":"http:\/\/juergenbubeck.de\/?page_id=461"},"modified":"2022-12-06T16:32:55","modified_gmt":"2022-12-06T16:32:55","slug":"reportage04-kultur-fuer-kids","status":"publish","type":"page","link":"https:\/\/juergenbubeck.de\/?page_id=461","title":{"rendered":"Kultur f\u00fcr Kids"},"content":{"rendered":"<p>[et_pb_section fb_built=&#8220;1&#8243; _builder_version=&#8220;4.16&#8243; background_color=&#8220;#3f464d&#8220; global_colors_info=&#8220;{}&#8220;][et_pb_row _builder_version=&#8220;4.16&#8243; global_colors_info=&#8220;{}&#8220;][et_pb_column type=&#8220;4_4&#8243; _builder_version=&#8220;4.16&#8243; global_colors_info=&#8220;{}&#8220;][et_pb_image src=&#8220;https:\/\/juergenbubeck.de\/wp-content\/uploads\/2020\/05\/05_Juergen_Bubeck_SKOhr_Labor_JES-78.jpg&#8220; title_text=&#8220;05_Juergen_Bubeck_SKOhr_Labor_JES-78&#8243; align=&#8220;center&#8220; _builder_version=&#8220;4.16&#8243; global_colors_info=&#8220;{}&#8220;][\/et_pb_image][et_pb_text _builder_version=&#8220;4.16&#8243; text_text_color=&#8220;#686868&#8243; global_colors_info=&#8220;{}&#8220;]<\/p>\n<p style=\"text-align: center;\"><span>Kultur f\u00fcr Kids im FITZ!<\/span><\/p>\n<p>[\/et_pb_text][et_pb_text _builder_version=&#8220;4.16&#8243; global_colors_info=&#8220;{}&#8220;][\/et_pb_text][\/et_pb_column][\/et_pb_row][et_pb_row _builder_version=&#8220;4.16&#8243; global_colors_info=&#8220;{}&#8220;][et_pb_column type=&#8220;4_4&#8243; _builder_version=&#8220;4.16&#8243; global_colors_info=&#8220;{}&#8220;][et_pb_image src=&#8220;https:\/\/juergenbubeck.de\/wp-content\/uploads\/2020\/05\/02_Juergen_Bubeck_SKOhr_Labor_JES-61.jpg&#8220; title_text=&#8220;02_Juergen_Bubeck_SKOhr_Labor_JES-61&#8243; align=&#8220;center&#8220; _builder_version=&#8220;4.16&#8243; global_colors_info=&#8220;{}&#8220;][\/et_pb_image][et_pb_text _builder_version=&#8220;4.16&#8243; text_text_color=&#8220;#686868&#8243; global_colors_info=&#8220;{}&#8220;]<\/p>\n<p style=\"text-align: center;\"><span>Kultur f\u00fcr Kids im FITZ!<\/span><\/p>\n<p>[\/et_pb_text][et_pb_text _builder_version=&#8220;4.16&#8243; global_colors_info=&#8220;{}&#8220;][\/et_pb_text][\/et_pb_column][\/et_pb_row][et_pb_row _builder_version=&#8220;4.16&#8243; global_colors_info=&#8220;{}&#8220;][et_pb_column type=&#8220;4_4&#8243; _builder_version=&#8220;4.16&#8243; global_colors_info=&#8220;{}&#8220;][et_pb_image src=&#8220;https:\/\/juergenbubeck.de\/wp-content\/uploads\/2020\/05\/03_Juergen_Bubeck_SKOhr_Labor_JES-2.jpg&#8220; title_text=&#8220;03_Juergen_Bubeck_SKOhr_Labor_JES-2&#8243; align=&#8220;center&#8220; _builder_version=&#8220;4.16&#8243; global_colors_info=&#8220;{}&#8220;][\/et_pb_image][et_pb_text _builder_version=&#8220;4.16&#8243; text_text_color=&#8220;#686868&#8243; global_colors_info=&#8220;{}&#8220;]<\/p>\n<p style=\"text-align: center;\"><span>Kultur f\u00fcr Kids im FITZ!<\/span><\/p>\n<p>[\/et_pb_text][et_pb_text _builder_version=&#8220;4.16&#8243; global_colors_info=&#8220;{}&#8220;][\/et_pb_text][\/et_pb_column][\/et_pb_row][et_pb_row _builder_version=&#8220;4.16&#8243; global_colors_info=&#8220;{}&#8220;][et_pb_column type=&#8220;4_4&#8243; _builder_version=&#8220;4.16&#8243; global_colors_info=&#8220;{}&#8220;][et_pb_image src=&#8220;https:\/\/juergenbubeck.de\/wp-content\/uploads\/2020\/05\/04_Juergen_Bubeck_SKOhr_Labor_JES-30.jpg&#8220; title_text=&#8220;04_Juergen_Bubeck_SKOhr_Labor_JES-30&#8243; align=&#8220;center&#8220; _builder_version=&#8220;4.16&#8243; global_colors_info=&#8220;{}&#8220;][\/et_pb_image][et_pb_text _builder_version=&#8220;4.16&#8243; text_text_color=&#8220;#686868&#8243; global_colors_info=&#8220;{}&#8220;]<\/p>\n<p style=\"text-align: center;\"><span>Kultur f\u00fcr Kids im FITZ!<\/span><\/p>\n<p>[\/et_pb_text][et_pb_text _builder_version=&#8220;4.16&#8243; global_colors_info=&#8220;{}&#8220;][\/et_pb_text][\/et_pb_column][\/et_pb_row][et_pb_row _builder_version=&#8220;4.16&#8243; global_colors_info=&#8220;{}&#8220;][et_pb_column type=&#8220;4_4&#8243; _builder_version=&#8220;4.16&#8243; global_colors_info=&#8220;{}&#8220;][et_pb_image src=&#8220;https:\/\/juergenbubeck.de\/wp-content\/uploads\/2020\/05\/06_Juergen_Bubeck_SKOhr_Labor_JES-81.jpg&#8220; title_text=&#8220;06_Juergen_Bubeck_SKOhr_Labor_JES-81&#8243; align=&#8220;center&#8220; _builder_version=&#8220;4.16&#8243; global_colors_info=&#8220;{}&#8220;][\/et_pb_image][et_pb_text _builder_version=&#8220;4.16&#8243; text_text_color=&#8220;#686868&#8243; global_colors_info=&#8220;{}&#8220;]<\/p>\n<p style=\"text-align: center;\"><span>Kultur f\u00fcr Kids im FITZ!<\/span><\/p>\n<p>[\/et_pb_text][et_pb_text _builder_version=&#8220;4.16&#8243; global_colors_info=&#8220;{}&#8220;][\/et_pb_text][\/et_pb_column][\/et_pb_row][et_pb_row _builder_version=&#8220;4.16&#8243; global_colors_info=&#8220;{}&#8220;][et_pb_column type=&#8220;4_4&#8243; _builder_version=&#8220;4.16&#8243; global_colors_info=&#8220;{}&#8220;][et_pb_image src=&#8220;https:\/\/juergenbubeck.de\/wp-content\/uploads\/2020\/05\/07_Juergen_Bubeck_SKOhr_Labor_JES-101.jpg&#8220; title_text=&#8220;07_Juergen_Bubeck_SKOhr_Labor_JES-101&#8243; align=&#8220;center&#8220; _builder_version=&#8220;4.16&#8243; global_colors_info=&#8220;{}&#8220;][\/et_pb_image][et_pb_text _builder_version=&#8220;4.16&#8243; text_text_color=&#8220;#686868&#8243; global_colors_info=&#8220;{}&#8220;]<\/p>\n<p style=\"text-align: center;\"><span>Kultur f\u00fcr Kids im FITZ!<\/span><\/p>\n<p>[\/et_pb_text][et_pb_text _builder_version=&#8220;4.16&#8243; global_colors_info=&#8220;{}&#8220;][\/et_pb_text][\/et_pb_column][\/et_pb_row][et_pb_row _builder_version=&#8220;4.16&#8243; global_colors_info=&#8220;{}&#8220;][et_pb_column type=&#8220;4_4&#8243; _builder_version=&#8220;4.16&#8243; global_colors_info=&#8220;{}&#8220;][et_pb_image src=&#8220;https:\/\/juergenbubeck.de\/wp-content\/uploads\/2020\/05\/08_Juergen_Bubeck_SKOhr_Labor_JES-102.jpg&#8220; title_text=&#8220;08_Juergen_Bubeck_SKOhr_Labor_JES-102&#8243; align=&#8220;center&#8220; _builder_version=&#8220;4.16&#8243; global_colors_info=&#8220;{}&#8220;][\/et_pb_image][et_pb_text _builder_version=&#8220;4.16&#8243; text_text_color=&#8220;#686868&#8243; global_colors_info=&#8220;{}&#8220;]<\/p>\n<p style=\"text-align: center;\"><span>Kultur f\u00fcr Kids im FITZ!<\/span><\/p>\n<p>[\/et_pb_text][et_pb_text _builder_version=&#8220;4.16&#8243; global_colors_info=&#8220;{}&#8220;][\/et_pb_text][\/et_pb_column][\/et_pb_row][et_pb_row _builder_version=&#8220;4.16&#8243; global_colors_info=&#8220;{}&#8220;][et_pb_column type=&#8220;4_4&#8243; _builder_version=&#8220;4.16&#8243; global_colors_info=&#8220;{}&#8220;][et_pb_image src=&#8220;https:\/\/juergenbubeck.de\/wp-content\/uploads\/2020\/05\/09_Juergen_Bubeck_SKOhr_Labor_JES-89.jpg&#8220; title_text=&#8220;09_Juergen_Bubeck_SKOhr_Labor_JES-89&#8243; align=&#8220;center&#8220; _builder_version=&#8220;4.16&#8243; global_colors_info=&#8220;{}&#8220;][\/et_pb_image][et_pb_text _builder_version=&#8220;4.16&#8243; text_text_color=&#8220;#686868&#8243; global_colors_info=&#8220;{}&#8220;]<\/p>\n<p style=\"text-align: center;\"><span>Kultur f\u00fcr Kids im FITZ!<\/span><\/p>\n<p>[\/et_pb_text][et_pb_text _builder_version=&#8220;4.16&#8243; global_colors_info=&#8220;{}&#8220;][\/et_pb_text][\/et_pb_column][\/et_pb_row][et_pb_row _builder_version=&#8220;4.16&#8243; global_colors_info=&#8220;{}&#8220;][et_pb_column type=&#8220;4_4&#8243; _builder_version=&#8220;4.16&#8243; global_colors_info=&#8220;{}&#8220;][et_pb_image src=&#8220;https:\/\/juergenbubeck.de\/wp-content\/uploads\/2020\/05\/10_Juergen_Bubeck_SKOhr_Labor_JES-26.jpg&#8220; title_text=&#8220;10_Juergen_Bubeck_SKOhr_Labor_JES-26&#8243; align=&#8220;center&#8220; _builder_version=&#8220;4.16&#8243; global_colors_info=&#8220;{}&#8220;][\/et_pb_image][et_pb_text _builder_version=&#8220;4.16&#8243; text_text_color=&#8220;#686868&#8243; global_colors_info=&#8220;{}&#8220;]<\/p>\n<p style=\"text-align: center;\"><span>Kultur f\u00fcr Kids im FITZ!<\/span><\/p>\n<p>[\/et_pb_text][et_pb_text _builder_version=&#8220;4.16&#8243; global_colors_info=&#8220;{}&#8220;][\/et_pb_text][\/et_pb_column][\/et_pb_row][et_pb_row _builder_version=&#8220;4.16&#8243; global_colors_info=&#8220;{}&#8220;][et_pb_column type=&#8220;4_4&#8243; _builder_version=&#8220;4.16&#8243; global_colors_info=&#8220;{}&#8220;][et_pb_image src=&#8220;https:\/\/juergenbubeck.de\/wp-content\/uploads\/2020\/05\/11_Juergen_Bubeck_SKOhr_Labor_JES-107.jpg&#8220; title_text=&#8220;11_Juergen_Bubeck_SKOhr_Labor_JES-107&#8243; align=&#8220;center&#8220; _builder_version=&#8220;4.16&#8243; global_colors_info=&#8220;{}&#8220;][\/et_pb_image][et_pb_text _builder_version=&#8220;4.16&#8243; text_text_color=&#8220;#686868&#8243; global_colors_info=&#8220;{}&#8220;]<\/p>\n<p style=\"text-align: center;\"><span>Kultur f\u00fcr Kids im FITZ!<\/span><\/p>\n<p>[\/et_pb_text][et_pb_text _builder_version=&#8220;4.16&#8243; global_colors_info=&#8220;{}&#8220;][\/et_pb_text][\/et_pb_column][\/et_pb_row][et_pb_row _builder_version=&#8220;4.16&#8243; global_colors_info=&#8220;{}&#8220;][et_pb_column type=&#8220;4_4&#8243; _builder_version=&#8220;4.16&#8243; global_colors_info=&#8220;{}&#8220;][et_pb_image src=&#8220;https:\/\/juergenbubeck.de\/wp-content\/uploads\/2020\/05\/12_Juergen_Bubeck_SKOhr_Labor_JES-111.jpg&#8220; title_text=&#8220;12_Juergen_Bubeck_SKOhr_Labor_JES-111&#8243; align=&#8220;center&#8220; _builder_version=&#8220;4.16&#8243; global_colors_info=&#8220;{}&#8220;][\/et_pb_image][et_pb_text _builder_version=&#8220;4.16&#8243; text_text_color=&#8220;#686868&#8243; global_colors_info=&#8220;{}&#8220;]<\/p>\n<p style=\"text-align: center;\"><span>Kultur f\u00fcr Kids im FITZ!<\/span><\/p>\n<p>[\/et_pb_text][et_pb_text _builder_version=&#8220;4.16&#8243; global_colors_info=&#8220;{}&#8220;][\/et_pb_text][\/et_pb_column][\/et_pb_row][et_pb_row _builder_version=&#8220;4.16&#8243; global_colors_info=&#8220;{}&#8220;][et_pb_column type=&#8220;4_4&#8243; _builder_version=&#8220;4.16&#8243; global_colors_info=&#8220;{}&#8220;][et_pb_image src=&#8220;https:\/\/juergenbubeck.de\/wp-content\/uploads\/2020\/05\/13_Juergen_Bubeck_SKOhr_Labor_JES-40.jpg&#8220; title_text=&#8220;13_Juergen_Bubeck_SKOhr_Labor_JES-40&#8243; align=&#8220;center&#8220; _builder_version=&#8220;4.16&#8243; global_colors_info=&#8220;{}&#8220;][\/et_pb_image][et_pb_text _builder_version=&#8220;4.16&#8243; text_text_color=&#8220;#686868&#8243; global_colors_info=&#8220;{}&#8220;]<\/p>\n<p style=\"text-align: center;\"><span>Kultur f\u00fcr Kids im FITZ!<\/span><\/p>\n<p>[\/et_pb_text][et_pb_text _builder_version=&#8220;4.16&#8243; text_text_color=&#8220;#686868&#8243; global_colors_info=&#8220;{}&#8220;][\/et_pb_text][et_pb_text _builder_version=&#8220;4.19.0&#8243; text_text_color=&#8220;#686868&#8243; hover_enabled=&#8220;0&#8243; global_colors_info=&#8220;{}&#8220; sticky_enabled=&#8220;0&#8243;][\/et_pb_text][et_pb_text _builder_version=&#8220;4.16&#8243; global_colors_info=&#8220;{}&#8220;][\/et_pb_text][\/et_pb_column][\/et_pb_row][\/et_pb_section]<\/p>\n","protected":false},"excerpt":{"rendered":"<p>Kultur f\u00fcr Kids im FITZ!Kultur f\u00fcr Kids im FITZ!Kultur f\u00fcr Kids im FITZ!Kultur f\u00fcr Kids im FITZ!Kultur f\u00fcr Kids im FITZ!Kultur f\u00fcr Kids im FITZ!Kultur f\u00fcr Kids im FITZ!Kultur f\u00fcr Kids im FITZ!Kultur f\u00fcr Kids im FITZ!Kultur f\u00fcr Kids im FITZ!Kultur f\u00fcr Kids im FITZ!Kultur f\u00fcr Kids im FITZ!<\/p>\n","protected":false},"author":1,"featured_media":0,"parent":0,"menu_order":0,"comment_status":"closed","ping_status":"closed","template":"","meta":{"_et_pb_use_builder":"on","_et_pb_old_content":"","_et_gb_content_width":"","footnotes":""},"class_list":["post-461","page","type-page","status-publish","hentry"],"_links":{"self":[{"href":"https:\/\/juergenbubeck.de\/index.php?rest_route=\/wp\/v2\/pages\/461","targetHints":{"allow":["GET"]}}],"collection":[{"href":"https:\/\/juergenbubeck.de\/index.php?rest_route=\/wp\/v2\/pages"}],"about":[{"href":"https:\/\/juergenbubeck.de\/index.php?rest_route=\/wp\/v2\/types\/page"}],"author":[{"embeddable":true,"href":"https:\/\/juergenbubeck.de\/index.php?rest_route=\/wp\/v2\/users\/1"}],"replies":[{"embeddable":true,"href":"https:\/\/juergenbubeck.de\/index.php?rest_route=%2Fwp%2Fv2%2Fcomments&post=461"}],"version-history":[{"count":7,"href":"https:\/\/juergenbubeck.de\/index.php?rest_route=\/wp\/v2\/pages\/461\/revisions"}],"predecessor-version":[{"id":1482,"href":"https:\/\/juergenbubeck.de\/index.php?rest_route=\/wp\/v2\/pages\/461\/revisions\/1482"}],"wp:attachment":[{"href":"https:\/\/juergenbubeck.de\/index.php?rest_route=%2Fwp%2Fv2%2Fmedia&parent=461"}],"curies":[{"name":"wp","href":"https:\/\/api.w.org\/{rel}","templated":true}]}}