{"id":342,"date":"2020-05-08T11:40:25","date_gmt":"2020-05-08T11:40:25","guid":{"rendered":"http:\/\/juergenbubeck.de\/?page_id=342"},"modified":"2026-03-30T15:54:03","modified_gmt":"2026-03-30T15:54:03","slug":"start","status":"publish","type":"page","link":"https:\/\/juergenbubeck.de\/","title":{"rendered":"Start"},"content":{"rendered":"<p>[et_pb_section fb_built=&#8220;1&#8243; _builder_version=&#8220;4.16&#8243; _module_preset=&#8220;default&#8220; background_color=&#8220;#3f464d&#8220; max_width=&#8220;84%&#8220; module_alignment=&#8220;center&#8220; locked=&#8220;off&#8220; global_colors_info=&#8220;{}&#8220;][et_pb_row _builder_version=&#8220;4.16&#8243; _module_preset=&#8220;default&#8220; width=&#8220;100%&#8220; max_width=&#8220;1798px&#8220; module_alignment=&#8220;center&#8220; min_height_tablet=&#8220;280px&#8220; min_height_phone=&#8220;290px&#8220; min_height_last_edited=&#8220;on|tablet&#8220; custom_margin=&#8220;0px||0px|0px|false|false&#8220; custom_margin_tablet=&#8220;&#8220; custom_margin_phone=&#8220;&#8220; custom_margin_last_edited=&#8220;on|desktop&#8220; custom_padding=&#8220;||||false|false&#8220; global_colors_info=&#8220;{}&#8220;][et_pb_column type=&#8220;4_4&#8243; _builder_version=&#8220;4.16&#8243; _module_preset=&#8220;default&#8220; global_colors_info=&#8220;{}&#8220;][et_pb_slider _builder_version=&#8220;4.27.6&#8243; _module_preset=&#8220;default&#8220; header_font_size=&#8220;63px&#8220; background_color=&#8220;RGBA(0,0,0,0)&#8220; custom_button=&#8220;on&#8220; button_text_size=&#8220;14px&#8220; button_text_color=&#8220;#FFFFFF&#8220; button_bg_color=&#8220;#7c7c7c&#8220; button_border_width=&#8220;0px&#8220; button_border_radius=&#8220;3px&#8220; button_letter_spacing=&#8220;2px&#8220; button_font=&#8220;|600|||||||&#8220; button_custom_padding=&#8220;10px||10px||false|false&#8220; text_orientation=&#8220;left&#8220; width=&#8220;100%&#8220; width_tablet=&#8220;&#8220; width_phone=&#8220;auto&#8220; width_last_edited=&#8220;on|desktop&#8220; max_width=&#8220;100%&#8220; custom_padding=&#8220;156px||||false|false&#8220; auto=&#8220;on&#8220; auto_speed=&#8220;6000&#8243; hover_enabled=&#8220;0&#8243; global_colors_info=&#8220;{}&#8220; sticky_enabled=&#8220;0&#8243;][et_pb_slide heading=&#8220;+++ AKTUELL +++&#8220; button_text=&#8220;ZUR AUSSTELLUNG&#8220; button_link=&#8220;https:\/\/www.kunstbezirk-stuttgart.de&#8220; _builder_version=&#8220;4.27.6&#8243; _module_preset=&#8220;default&#8220; header_font=&#8220;|700|||||||&#8220; header_text_color=&#8220;#edd500&#8243; header_font_size=&#8220;14px&#8220; header_letter_spacing=&#8220;4px&#8220; header_line_height=&#8220;10.2em&#8220; body_font=&#8220;||||||||&#8220; body_font_size=&#8220;24px&#8220; background_enable_color=&#8220;off&#8220; background_image=&#8220;https:\/\/juergenbubeck.de\/wp-content\/uploads\/2026\/03\/DuerresLand4205.jpg&#8220; background_enable_image=&#8220;on&#8220; hover_enabled=&#8220;0&#8243; global_colors_info=&#8220;{}&#8220; sticky_transition=&#8220;on&#8220; sticky_enabled=&#8220;0&#8243;]<\/p>\n<p>Das Prinzip Collage \/ 28. M\u00e4rz &#8211; 02. Mai 2026<\/p>\n<p>[\/et_pb_slide][et_pb_slide heading=&#8220;AUSSTELLUNG&#8220; button_text=&#8220;ZUM PROJEKT&#8220; button_link=&#8220;@ET-DC@eyJkeW5hbWljIjp0cnVlLCJjb250ZW50IjoicG9zdF9saW5rX3VybF9wYWdlIiwic2V0dGluZ3MiOnsicG9zdF9pZCI6IjE1NjAifX0=@&#8220; _builder_version=&#8220;4.20.0&#8243; _dynamic_attributes=&#8220;button_link&#8220; _module_preset=&#8220;default&#8220; header_font=&#8220;|700|||||||&#8220; header_text_color=&#8220;#edd500&#8243; header_font_size=&#8220;14px&#8220; header_letter_spacing=&#8220;4px&#8220; header_line_height=&#8220;10.2em&#8220; body_font=&#8220;||||||||&#8220; body_font_size=&#8220;24px&#8220; background_enable_color=&#8220;off&#8220; background_image=&#8220;https:\/\/juergenbubeck.de\/wp-content\/uploads\/2025\/05\/Spot_On_Start.jpg&#8220; background_enable_image=&#8220;on&#8220; global_colors_info=&#8220;{}&#8220; sticky_transition=&#8220;on&#8220;]<\/p>\n<p>Spot On!<\/p>\n<p>[\/et_pb_slide][et_pb_slide heading=&#8220;DOKUMENTATION&#8220; button_text=&#8220;ZUM PROJEKT&#8220; button_link=&#8220;@ET-DC@eyJkeW5hbWljIjp0cnVlLCJjb250ZW50IjoicG9zdF9saW5rX3VybF9wYWdlIiwic2V0dGluZ3MiOnsicG9zdF9pZCI6IjE1MTQifX0=@&#8220; _builder_version=&#8220;4.20.0&#8243; _dynamic_attributes=&#8220;button_link&#8220; _module_preset=&#8220;default&#8220; header_font=&#8220;|700|||||||&#8220; header_text_color=&#8220;#edd500&#8243; header_font_size=&#8220;14px&#8220; header_letter_spacing=&#8220;4px&#8220; header_line_height=&#8220;10.2em&#8220; body_font=&#8220;||||||||&#8220; body_font_size=&#8220;24px&#8220; background_enable_color=&#8220;off&#8220; background_image=&#8220;https:\/\/juergenbubeck.de\/wp-content\/uploads\/2024\/05\/Mystik-Art-Walk.jpg&#8220; background_enable_image=&#8220;on&#8220; global_colors_info=&#8220;{}&#8220; sticky_transition=&#8220;on&#8220;]<\/p>\n<p>Mystik Art Walk<\/p>\n<p>[\/et_pb_slide][et_pb_slide heading=&#8220;DOKUMENTATION&#8220; button_text=&#8220;ZUM PROJEKT&#8220; button_link=&#8220;@ET-DC@eyJkeW5hbWljIjp0cnVlLCJjb250ZW50IjoicG9zdF9saW5rX3VybF9wYWdlIiwic2V0dGluZ3MiOnsicG9zdF9pZCI6IjE0NjAifX0=@&#8220; _builder_version=&#8220;4.19.0&#8243; _dynamic_attributes=&#8220;button_link&#8220; _module_preset=&#8220;default&#8220; header_font=&#8220;|700|||||||&#8220; header_text_color=&#8220;#edd500&#8243; header_font_size=&#8220;14px&#8220; header_letter_spacing=&#8220;4px&#8220; header_line_height=&#8220;10.2em&#8220; body_font=&#8220;||||||||&#8220; body_font_size=&#8220;24px&#8220; background_enable_color=&#8220;off&#8220; background_image=&#8220;https:\/\/juergenbubeck.de\/wp-content\/uploads\/2022\/12\/AboutTomorrow-Start.jpg&#8220; background_enable_image=&#8220;on&#8220; global_colors_info=&#8220;{}&#8220; sticky_transition=&#8220;on&#8220;]<\/p>\n<p>Solar Pavillon &#8222;ABOUT:TOMORROW&#8220;<\/p>\n<p>[\/et_pb_slide][et_pb_slide heading=&#8220;STILL SERIE&#8220; button_text=&#8220;ZUM PROJEKT&#8220; button_link=&#8220;@ET-DC@eyJkeW5hbWljIjp0cnVlLCJjb250ZW50IjoicG9zdF9saW5rX3VybF9wYWdlIiwic2V0dGluZ3MiOnsicG9zdF9pZCI6IjEzNzgifX0=@&#8220; _builder_version=&#8220;4.16&#8243; _dynamic_attributes=&#8220;button_link&#8220; _module_preset=&#8220;default&#8220; header_font=&#8220;|700|||||||&#8220; header_text_color=&#8220;#edd500&#8243; header_font_size=&#8220;14px&#8220; header_letter_spacing=&#8220;4px&#8220; header_line_height=&#8220;10.2em&#8220; body_font=&#8220;||||||||&#8220; body_font_size=&#8220;24px&#8220; background_enable_color=&#8220;off&#8220; background_image=&#8220;https:\/\/juergenbubeck.de\/wp-content\/uploads\/2022\/06\/DuerresLand4210_Start.jpg&#8220; background_enable_image=&#8220;on&#8220; global_colors_info=&#8220;{}&#8220; sticky_transition=&#8220;on&#8220;]<\/p>\n<p>Prozesse des Verschwindens &#8211; &#8222;D\u00fcrres Land&#8220;<\/p>\n<p>[\/et_pb_slide][et_pb_slide heading=&#8220;MOOR LANDSCHAFT&#8220; button_text=&#8220;ZUM PROJEKT&#8220; button_link=&#8220;@ET-DC@eyJkeW5hbWljIjp0cnVlLCJjb250ZW50IjoicG9zdF9saW5rX3VybF9wYWdlIiwic2V0dGluZ3MiOnsicG9zdF9pZCI6IjEzMDYifX0=@&#8220; _builder_version=&#8220;4.16&#8243; _dynamic_attributes=&#8220;button_link&#8220; _module_preset=&#8220;default&#8220; header_font=&#8220;|700|||||||&#8220; header_text_color=&#8220;#edd500&#8243; header_font_size=&#8220;14px&#8220; header_letter_spacing=&#8220;4px&#8220; header_line_height=&#8220;10.2em&#8220; body_font=&#8220;||||||||&#8220; body_font_size=&#8220;30px&#8220; background_enable_color=&#8220;off&#8220; background_image=&#8220;https:\/\/juergenbubeck.de\/wp-content\/uploads\/2022\/03\/MoorNacht.jpg&#8220; background_enable_image=&#8220;on&#8220; global_colors_info=&#8220;{}&#8220; sticky_transition=&#8220;on&#8220;]<\/p>\n<p>Prozesse der Erneuerung<\/p>\n<p>[\/et_pb_slide][et_pb_slide heading=&#8220;STILL SERIE&#8220; button_text=&#8220;ZUM PROJEKT&#8220; button_link=&#8220;@ET-DC@eyJkeW5hbWljIjp0cnVlLCJjb250ZW50IjoicG9zdF9saW5rX3VybF9wYWdlIiwic2V0dGluZ3MiOnsicG9zdF9pZCI6IjEyMDgifX0=@&#8220; _builder_version=&#8220;4.16&#8243; _dynamic_attributes=&#8220;button_link&#8220; _module_preset=&#8220;default&#8220; header_font=&#8220;|700|||||||&#8220; header_text_color=&#8220;#edd500&#8243; header_font_size=&#8220;14px&#8220; header_letter_spacing=&#8220;4px&#8220; header_line_height=&#8220;10.2em&#8220; body_font=&#8220;||||||||&#8220; body_font_size=&#8220;30px&#8220; background_enable_color=&#8220;off&#8220; background_image=&#8220;https:\/\/juergenbubeck.de\/wp-content\/uploads\/2022\/01\/DasFantastischeMenue4201-Start.jpg&#8220; background_enable_image=&#8220;on&#8220; global_colors_info=&#8220;{}&#8220; sticky_transition=&#8220;on&#8220;]<\/p>\n<p>Das fantastische Men\u00fc 1<\/p>\n<p>[\/et_pb_slide][et_pb_slide heading=&#8220;STILL SERIE&#8220; button_text=&#8220;ZUM PROJEKT&#8220; button_link=&#8220;@ET-DC@eyJkeW5hbWljIjp0cnVlLCJjb250ZW50IjoicG9zdF9saW5rX3VybF9wYWdlIiwic2V0dGluZ3MiOnsicG9zdF9pZCI6IjEyMzMifX0=@&#8220; _builder_version=&#8220;4.16&#8243; _dynamic_attributes=&#8220;button_link&#8220; _module_preset=&#8220;default&#8220; header_font=&#8220;|700|||||||&#8220; header_text_color=&#8220;#edd500&#8243; header_font_size=&#8220;14px&#8220; header_letter_spacing=&#8220;4px&#8220; header_line_height=&#8220;10.2em&#8220; body_font=&#8220;||||||||&#8220; body_font_size=&#8220;30px&#8220; background_enable_color=&#8220;off&#8220; background_image=&#8220;https:\/\/juergenbubeck.de\/wp-content\/uploads\/2022\/01\/DasFantastischeMenue4194-Start.jpg&#8220; background_enable_image=&#8220;on&#8220; global_colors_info=&#8220;{}&#8220; sticky_transition=&#8220;on&#8220;]<\/p>\n<p>Das fantastische Men\u00fc 2<\/p>\n<p>[\/et_pb_slide][et_pb_slide heading=&#8220;STILL SERIE&#8220; button_text=&#8220;ZUM PROJEKT&#8220; button_link=&#8220;@ET-DC@eyJkeW5hbWljIjp0cnVlLCJjb250ZW50IjoicG9zdF9saW5rX3VybF9wYWdlIiwic2V0dGluZ3MiOnsicG9zdF9pZCI6IjQwMSJ9fQ==@&#8220; _builder_version=&#8220;4.16&#8243; _dynamic_attributes=&#8220;button_link&#8220; _module_preset=&#8220;default&#8220; header_font=&#8220;|700|||||||&#8220; header_text_color=&#8220;#edd500&#8243; header_font_size=&#8220;14px&#8220; header_letter_spacing=&#8220;4px&#8220; header_line_height=&#8220;10.2em&#8220; body_font=&#8220;||||||||&#8220; body_font_size=&#8220;32px&#8220; background_enable_color=&#8220;off&#8220; background_image=&#8220;https:\/\/juergenbubeck.de\/wp-content\/uploads\/2021\/10\/AgriculturalWork4174.jpg&#8220; background_enable_image=&#8220;on&#8220; global_colors_info=&#8220;{}&#8220; sticky_transition=&#8220;on&#8220;]<\/p>\n<p>Agricultural Work<\/p>\n<p>[\/et_pb_slide][et_pb_slide heading=&#8220;STILL SERIE&#8220; button_text=&#8220;ZUM PROJEKT&#8220; button_link=&#8220;@ET-DC@eyJkeW5hbWljIjp0cnVlLCJjb250ZW50IjoicG9zdF9saW5rX3VybF9wYWdlIiwic2V0dGluZ3MiOnsicG9zdF9pZCI6IjQxNiJ9fQ==@&#8220; _builder_version=&#8220;4.16&#8243; _dynamic_attributes=&#8220;button_link&#8220; _module_preset=&#8220;default&#8220; header_font=&#8220;|700|||||||&#8220; header_text_color=&#8220;#edd500&#8243; header_font_size=&#8220;14px&#8220; header_letter_spacing=&#8220;4px&#8220; header_line_height=&#8220;10.2em&#8220; body_font=&#8220;||||||||&#8220; body_font_size=&#8220;32px&#8220; background_enable_color=&#8220;off&#8220; background_image=&#8220;https:\/\/juergenbubeck.de\/wp-content\/uploads\/2021\/10\/ConfusedShower4171.jpg&#8220; background_enable_image=&#8220;on&#8220; global_colors_info=&#8220;{}&#8220; sticky_transition=&#8220;on&#8220;]<\/p>\n<p>Confused Shower<\/p>\n<p>[\/et_pb_slide][et_pb_slide heading=&#8220;STILL SERIE&#8220; button_text=&#8220;ZUM PROJEKT&#8220; button_link=&#8220;@ET-DC@eyJkeW5hbWljIjp0cnVlLCJjb250ZW50IjoicG9zdF9saW5rX3VybF9wYWdlIiwic2V0dGluZ3MiOnsicG9zdF9pZCI6IjQwNiJ9fQ==@&#8220; _builder_version=&#8220;4.16&#8243; _dynamic_attributes=&#8220;button_link&#8220; _module_preset=&#8220;default&#8220; header_font=&#8220;|700|||||||&#8220; header_text_color=&#8220;#edd500&#8243; header_font_size=&#8220;14px&#8220; header_letter_spacing=&#8220;4px&#8220; header_line_height=&#8220;10.2em&#8220; body_font=&#8220;||||||||&#8220; body_font_size=&#8220;38px&#8220; background_enable_color=&#8220;off&#8220; background_image=&#8220;https:\/\/juergenbubeck.de\/wp-content\/uploads\/2021\/10\/Eatslow4154.jpg&#8220; background_enable_image=&#8220;on&#8220; global_colors_info=&#8220;{}&#8220; sticky_transition=&#8220;on&#8220;]<\/p>\n<p>EatSlow<\/p>\n<p>[\/et_pb_slide][et_pb_slide heading=&#8220;STILL SERIE&#8220; button_text=&#8220;ZUM PROJEKT&#8220; button_link=&#8220;@ET-DC@eyJkeW5hbWljIjp0cnVlLCJjb250ZW50IjoicG9zdF9saW5rX3VybF9wYWdlIiwic2V0dGluZ3MiOnsicG9zdF9pZCI6IjQxMCJ9fQ==@&#8220; _builder_version=&#8220;4.16&#8243; _dynamic_attributes=&#8220;button_link&#8220; _module_preset=&#8220;default&#8220; header_font=&#8220;|700|||||||&#8220; header_text_color=&#8220;#edd500&#8243; header_font_size=&#8220;14px&#8220; header_letter_spacing=&#8220;4px&#8220; header_line_height=&#8220;10.2em&#8220; body_font=&#8220;||||||||&#8220; body_font_size=&#8220;38px&#8220; background_enable_color=&#8220;off&#8220; background_image=&#8220;https:\/\/juergenbubeck.de\/wp-content\/uploads\/2021\/10\/LittlePeaks4180.jpg&#8220; background_enable_image=&#8220;on&#8220; global_colors_info=&#8220;{}&#8220; sticky_transition=&#8220;on&#8220;]<\/p>\n<p>Little Peaks<\/p>\n<p>[\/et_pb_slide][et_pb_slide heading=&#8220;PORTR\u00c4T SERIE&#8220; button_text=&#8220;ZUM PROJEKT&#8220; button_link=&#8220;@ET-DC@eyJkeW5hbWljIjp0cnVlLCJjb250ZW50IjoicG9zdF9saW5rX3VybF9wYWdlIiwic2V0dGluZ3MiOnsicG9zdF9pZCI6Ijg4OCJ9fQ==@&#8220; _builder_version=&#8220;4.16&#8243; _dynamic_attributes=&#8220;button_link&#8220; _module_preset=&#8220;default&#8220; header_font=&#8220;|700|||||||&#8220; header_text_color=&#8220;#edd500&#8243; header_font_size=&#8220;14px&#8220; header_letter_spacing=&#8220;4px&#8220; header_line_height=&#8220;10.2em&#8220; body_font=&#8220;||||||||&#8220; body_font_size=&#8220;38px&#8220; background_enable_color=&#8220;off&#8220; background_image=&#8220;https:\/\/juergenbubeck.de\/wp-content\/uploads\/2020\/10\/Startseite_Juergen_Bubeck_Luftprinz_2.jpg&#8220; background_enable_image=&#8220;on&#8220; global_colors_info=&#8220;{}&#8220; sticky_transition=&#8220;on&#8220;]<\/p>\n<p>Der Luftprinz<\/p>\n<p>[\/et_pb_slide][\/et_pb_slider][\/et_pb_column][\/et_pb_row][\/et_pb_section]<\/p>\n","protected":false},"excerpt":{"rendered":"<p>Das Prinzip Collage \/ 28. M\u00e4rz &#8211; 02. Mai 2026Spot On!Mystik Art WalkSolar Pavillon &#8222;ABOUT:TOMORROW&#8220;Prozesse des Verschwindens &#8211; &#8222;D\u00fcrres Land&#8220;Prozesse der ErneuerungDas fantastische Men\u00fc 1Das fantastische Men\u00fc 2Agricultural WorkConfused ShowerEatSlowLittle PeaksDer Luftprinz<\/p>\n","protected":false},"author":1,"featured_media":0,"parent":0,"menu_order":0,"comment_status":"closed","ping_status":"closed","template":"","meta":{"_et_pb_use_builder":"on","_et_pb_old_content":"","_et_gb_content_width":"","footnotes":""},"class_list":["post-342","page","type-page","status-publish","hentry"],"_links":{"self":[{"href":"https:\/\/juergenbubeck.de\/index.php?rest_route=\/wp\/v2\/pages\/342","targetHints":{"allow":["GET"]}}],"collection":[{"href":"https:\/\/juergenbubeck.de\/index.php?rest_route=\/wp\/v2\/pages"}],"about":[{"href":"https:\/\/juergenbubeck.de\/index.php?rest_route=\/wp\/v2\/types\/page"}],"author":[{"embeddable":true,"href":"https:\/\/juergenbubeck.de\/index.php?rest_route=\/wp\/v2\/users\/1"}],"replies":[{"embeddable":true,"href":"https:\/\/juergenbubeck.de\/index.php?rest_route=%2Fwp%2Fv2%2Fcomments&post=342"}],"version-history":[{"count":104,"href":"https:\/\/juergenbubeck.de\/index.php?rest_route=\/wp\/v2\/pages\/342\/revisions"}],"predecessor-version":[{"id":1587,"href":"https:\/\/juergenbubeck.de\/index.php?rest_route=\/wp\/v2\/pages\/342\/revisions\/1587"}],"wp:attachment":[{"href":"https:\/\/juergenbubeck.de\/index.php?rest_route=%2Fwp%2Fv2%2Fmedia&parent=342"}],"curies":[{"name":"wp","href":"https:\/\/api.w.org\/{rel}","templated":true}]}}