{"id":202,"date":"2020-05-06T13:06:32","date_gmt":"2020-05-06T13:06:32","guid":{"rendered":"http:\/\/juergenbubeck.de\/?page_id=202"},"modified":"2022-01-17T14:55:34","modified_gmt":"2022-01-17T14:55:34","slug":"impressum","status":"publish","type":"page","link":"https:\/\/juergenbubeck.de\/?page_id=202","title":{"rendered":"Impressum"},"content":{"rendered":"<p>[et_pb_section fb_built=&#8220;1&#8243; _builder_version=&#8220;4.4.5&#8243; background_color=&#8220;#3f464d&#8220; global_colors_info=&#8220;{}&#8220;][et_pb_row _builder_version=&#8220;4.4.5&#8243; global_colors_info=&#8220;{}&#8220;][et_pb_column type=&#8220;4_4&#8243; _builder_version=&#8220;4.4.5&#8243; global_colors_info=&#8220;{}&#8220;][et_pb_text _builder_version=&#8220;4.11.1&#8243; hover_enabled=&#8220;0&#8243; global_colors_info=&#8220;{}&#8220; sticky_enabled=&#8220;0&#8243;]<\/p>\n<h2>Impressum<\/h2>\n<h6>Angaben gem\u00e4\u00df \u00a7 5 TMG<\/h6>\n<p>&nbsp;<\/p>\n<p>Ju\u0308rgen Bubeck<br \/>Fotografie<\/p>\n<p>August-L\u00e4mmle-Weg 6<br \/>71394 Kernen<\/p>\n<p>&nbsp;<\/p>\n<h4>Kontakt<\/h4>\n<p>Telefon: +49 7151 945 616 0<br \/>E-Mail: mail[at]juergenbubeck.de<\/p>\n<p>&nbsp;<\/p>\n<h4>Umsatzsteuer-ID<\/h4>\n<p>Umsatzsteuer-Identifikationsnummer gem\u00e4\u00df \u00a7 27 a Umsatzsteuergesetz:<\/p>\n<p>DE147419655<\/p>\n<p>&nbsp;<\/p>\n<h4>EU-Streitschlichtung<\/h4>\n<p>Die Europ\u00e4ische Kommission stellt eine Plattform zur Online-Streitbeilegung (OS) bereit:<\/p>\n<p>https:\/\/ec.europa.eu\/consumers\/odr<span>.<\/span><\/p>\n<p>Unsere E-Mail-Adresse finden Sie oben im Impressum.<\/p>\n<p>&nbsp;<\/p>\n<h4>Verbraucherstreitbeilegung\/Universalschlichtungsstelle<\/h4>\n<p>Wir sind nicht bereit oder verpflichtet, an Streitbeilegungsverfahren vor einer<\/p>\n<p>Verbraucherschlichtungsstelle teilzunehmen.<\/p>\n<p>&nbsp;<\/p>\n<h4>Haftung fu\u0308r Inhalte<\/h4>\n<p>Als Diensteanbieter sind wir gem\u00e4\u00df \u00a7 7 Abs.1 TMG fu\u0308r eigene Inhalte auf diesen Seiten nach den\u00a0allgemeinen Gesetzen verantwortlich. Nach \u00a7\u00a7 8 bis 10 TMG sind wir als Diensteanbieter jedoch nicht\u00a0verpflichtet, u\u0308bermittelte oder gespeicherte fremde Informationen zu u\u0308berwachen oder nach Umst\u00e4nden zu\u00a0forschen, die auf eine rechtswidrige T\u00e4tigkeit hinweisen.\u00a0Verpflichtungen zur Entfernung oder Sperrung der Nutzung von Informationen nach den allgemeinen\u00a0Gesetzen bleiben hiervon unberu\u0308hrt. Eine diesbezu\u0308gliche Haftung ist jedoch erst ab dem Zeitpunkt der\u00a0Kenntnis einer konkreten Rechtsverletzung m\u00f6glich. Bei Bekanntwerden von entsprechenden\u00a0Rechtsverletzungen werden wir diese Inhalte umgehend entfernen.<\/p>\n<p>&nbsp;<\/p>\n<h4>Haftung fu\u0308r Links<\/h4>\n<p>Unser Angebot enth\u00e4lt Links zu externen Websites Dritter, auf deren Inhalte wir keinen Einfluss haben.\u00a0Deshalb k\u00f6nnen wir fu\u0308r diese fremden Inhalte auch keine Gew\u00e4hr u\u0308bernehmen. Fu\u0308r die Inhalte der\u00a0verlinkten Seiten ist stets der jeweilige Anbieter oder Betreiber der Seiten verantwortlich. Die verlinkten\u00a0Seiten wurden zum Zeitpunkt der Verlinkung auf m\u00f6gliche Rechtsverst\u00f6\u00dfe u\u0308berpru\u0308ft. Rechtswidrige Inhalte\u00a0waren zum Zeitpunkt der Verlinkung nicht erkennbar.\u00a0Eine permanente inhaltliche Kontrolle der verlinkten Seiten ist jedoch ohne konkrete Anhaltspunkte einer\u00a0Rechtsverletzung nicht zumutbar. Bei Bekanntwerden von Rechtsverletzungen werden wir derartige Links\u00a0umgehend entfernen.<\/p>\n<p>&nbsp;<\/p>\n<h4>Urheberrecht<\/h4>\n<p>Die durch die Seitenbetreiber erstellten Inhalte und Werke auf diesen Seiten unterliegen dem deutschen\u00a0Urheberrecht. Die Vervielf\u00e4ltigung, Bearbeitung, Verbreitung und jede Art der Verwertung au\u00dferhalb der\u00a0Grenzen des Urheberrechtes bedu\u0308rfen der schriftlichen Zustimmung des jeweiligen Autors bzw. Erstellers.\u00a0Downloads und Kopien dieser Seite sind nur fu\u0308r den privaten, nicht kommerziellen Gebrauch gestattet.\u00a0Soweit die Inhalte auf dieser Seite nicht vom Betreiber erstellt wurden, werden die Urheberrechte Dritter\u00a0beachtet. Insbesondere werden Inhalte Dritter als solche gekennzeichnet. Sollten Sie trotzdem auf eine\u00a0Urheberrechtsverletzung aufmerksam werden, bitten wir um einen entsprechenden Hinweis. Bei\u00a0Bekanntwerden von Rechtsverletzungen werden wir derartige Inhalte umgehend entfernen.<\/p>\n<p>&nbsp;<\/p>\n<p>&nbsp;<\/p>\n<p>[\/et_pb_text][\/et_pb_column][\/et_pb_row][\/et_pb_section]<\/p>\n","protected":false},"excerpt":{"rendered":"<p>Impressum Angaben gem\u00e4\u00df \u00a7 5 TMG &nbsp; Ju\u0308rgen BubeckFotografie August-L\u00e4mmle-Weg 671394 Kernen &nbsp; Kontakt Telefon: +49 7151 945 616 0E-Mail: mail[at]juergenbubeck.de &nbsp; Umsatzsteuer-ID Umsatzsteuer-Identifikationsnummer gem\u00e4\u00df \u00a7 27 a Umsatzsteuergesetz: DE147419655 &nbsp; EU-Streitschlichtung Die Europ\u00e4ische Kommission stellt eine Plattform zur Online-Streitbeilegung (OS) bereit: https:\/\/ec.europa.eu\/consumers\/odr. Unsere E-Mail-Adresse finden Sie oben im Impressum. &nbsp; Verbraucherstreitbeilegung\/Universalschlichtungsstelle Wir sind nicht [&hellip;]<\/p>\n","protected":false},"author":1,"featured_media":0,"parent":0,"menu_order":0,"comment_status":"closed","ping_status":"closed","template":"","meta":{"_et_pb_use_builder":"on","_et_pb_old_content":"","_et_gb_content_width":"","footnotes":""},"class_list":["post-202","page","type-page","status-publish","hentry"],"_links":{"self":[{"href":"https:\/\/juergenbubeck.de\/index.php?rest_route=\/wp\/v2\/pages\/202","targetHints":{"allow":["GET"]}}],"collection":[{"href":"https:\/\/juergenbubeck.de\/index.php?rest_route=\/wp\/v2\/pages"}],"about":[{"href":"https:\/\/juergenbubeck.de\/index.php?rest_route=\/wp\/v2\/types\/page"}],"author":[{"embeddable":true,"href":"https:\/\/juergenbubeck.de\/index.php?rest_route=\/wp\/v2\/users\/1"}],"replies":[{"embeddable":true,"href":"https:\/\/juergenbubeck.de\/index.php?rest_route=%2Fwp%2Fv2%2Fcomments&post=202"}],"version-history":[{"count":9,"href":"https:\/\/juergenbubeck.de\/index.php?rest_route=\/wp\/v2\/pages\/202\/revisions"}],"predecessor-version":[{"id":1185,"href":"https:\/\/juergenbubeck.de\/index.php?rest_route=\/wp\/v2\/pages\/202\/revisions\/1185"}],"wp:attachment":[{"href":"https:\/\/juergenbubeck.de\/index.php?rest_route=%2Fwp%2Fv2%2Fmedia&parent=202"}],"curies":[{"name":"wp","href":"https:\/\/api.w.org\/{rel}","templated":true}]}}