{"id":200,"date":"2020-05-06T13:06:10","date_gmt":"2020-05-06T13:06:10","guid":{"rendered":"http:\/\/juergenbubeck.de\/?page_id=200"},"modified":"2026-03-30T16:00:08","modified_gmt":"2026-03-30T16:00:08","slug":"ueber-mich","status":"publish","type":"page","link":"https:\/\/juergenbubeck.de\/?page_id=200","title":{"rendered":"\u00dcber mich"},"content":{"rendered":"<p>[et_pb_section fb_built=&#8220;1&#8243; _builder_version=&#8220;4.16&#8243; background_color=&#8220;#3f464d&#8220; global_colors_info=&#8220;{}&#8220;][et_pb_row column_structure=&#8220;3_5,2_5&#8243; _builder_version=&#8220;4.16&#8243; custom_padding=&#8220;||48px|||&#8220; global_colors_info=&#8220;{}&#8220;][et_pb_column type=&#8220;3_5&#8243; _builder_version=&#8220;4.16&#8243; global_colors_info=&#8220;{}&#8220;][et_pb_text _builder_version=&#8220;4.16&#8243; text_font=&#8220;||||||||&#8220; global_colors_info=&#8220;{}&#8220;]<\/p>\n<p>Der Fotok\u00fcnstler J\u00fcrgen Bubeck hat mehrere gro\u00dfe Leidenschaften: Das Fotografieren, das Kochen und das Durchdringen allt\u00e4glicher Dinge mit geschultem Blick. Dies bildet f\u00fcr seine Art des Kunstschaffens die perfekte Symbiose. Der K\u00fcnstler greift nicht selten zu Kochl\u00f6ffel und Kohl, Quirl und Quitte und erfindet visuelle wie kulinarische Schlemmereien. So ziseliert er f\u00fcr seine Fotografien chirurgisch genau Pflanzen, Papiere und Alltagsgegenst\u00e4nde. Er nimmt sie auseinander, zerkleinert sie bis auf ihre kleinsten Zellstrukturen und schafft neue Kombinationen und Verbindungen.<span class=\"Apple-converted-space\">\u00a0<\/span><\/p>\n<p>Diese analytischen Vorg\u00e4nge erweitert er durch F\u00e4rbungen, Pulverisierungen,<span class=\"Apple-converted-space\">\u00a0 <\/span>Trocknungen. Augenf\u00e4llig sind seine raffinierten Lichttechniken, die er f\u00fcr seine hochaufl\u00f6senden Fotografien einsetzt. So entstehen in seinem \u201eLabor\u201c w\u00e4hrend monatelanger Prozeduren ganz neue Welten, die er dann zu kaum je erblickten, ebenso hochkomplexen Bildern komponiert.<\/p>\n<p>Dabei hat er auch immer das Gro\u00dfe und Ganze im Blick. Das hei\u00dft, dass der Au\u00dfen- und der Binnenraum \u00e4sthetisch zu kleinen Formwundern arrangiert werden und somit ausschlaggebend f\u00fcr seine typische Bildsprache werden.<\/p>\n<p>Es scheint, als ob J\u00fcrgen Bubeck durch seine Herangehensweise ganz neue Wesensarten der Pflanzen und Dinge hervorholt und sich dem Betrachter dadurch unbekannte, surreale Lebensr\u00e4ume auftun. Die Aufnahmen des Fotografen bilden einen sprichw\u00f6rtlichen Augenschmaus, der durch individuelle visuelle \u00c4sthetik brilliert und den Betrachter zum Staunen bringt.<span class=\"Apple-converted-space\">\u00a0<\/span><\/p>\n<p><span class=\"Apple-converted-space\"><\/span><\/p>\n<p><strong><span class=\"Apple-converted-space\">Text von Daniela Kammerer \/\u00a0<\/span><\/strong><strong><span class=\"Apple-converted-space\">K\u00fcnstlerin, Dozentin\u00a0<\/span><\/strong><strong><span class=\"Apple-converted-space\">Online Kunst Akademie<\/span><\/strong><\/p>\n<p>[\/et_pb_text][\/et_pb_column][et_pb_column type=&#8220;2_5&#8243; _builder_version=&#8220;4.16&#8243; global_colors_info=&#8220;{}&#8220;][et_pb_image src=&#8220;https:\/\/juergenbubeck.de\/wp-content\/uploads\/2020\/11\/Juergen_Bubeck-1.jpg&#8220; title_text=&#8220;Juergen_Bubeck&#8220; _builder_version=&#8220;4.16&#8243; global_colors_info=&#8220;{}&#8220;][\/et_pb_image][\/et_pb_column][\/et_pb_row][et_pb_row column_structure=&#8220;3_5,2_5&#8243; _builder_version=&#8220;4.16&#8243; global_colors_info=&#8220;{}&#8220;][et_pb_column type=&#8220;3_5&#8243; _builder_version=&#8220;4.16&#8243; global_colors_info=&#8220;{}&#8220;][et_pb_text _builder_version=&#8220;4.20.0&#8243; global_colors_info=&#8220;{}&#8220;]<\/p>\n<h3>Kunden<\/h3>\n<p>&nbsp;<\/p>\n<p>Bauknecht, Becker Autoradios, Brad Stallion, BW-Bank, C.E.Fein, Christian Bauer Schmuck, Decathlon, Die Welt (Tageszeitung), Drachenhaus Verlag, Duravit, Durst Phototechnik, EGF &#8211; Eduard G. Fidel, Gehe, Isover G+H, Gustav Heess, Hamann, Hemmelrath International Services, Hansgrohe, Haus der Heimat des Landes Baden-W\u00fcrttemberg, Hess Natur, Heidelberger Druckmaschinen, IDE Werkzeug- und Machinenbau, IsabelleFa, Juwelier Jacobi, Jockey, Joop Jeans, Kejora, Klafs, Kodak, L-Bank, Leitz, Liqui Moly, LGI Logistic Group International, Marion Knorr Schmuckdesign, Mercedes Benz Accessories, Ottenw\u00e4lder + Ottenw\u00e4lder, Schleich, Sioux, St\u00e4dtische Galerie Ostfildern, Steiff, Stuttgarter Kammerorchester, Taifun, Trumpf, Tuzzi Collection, TV-Spielfilm Verlag, Wackenhut, WMF, Wohlfahrtswerk Baden-W\u00fcrttemberg, W\u00fcrth, W\u00fcrttembergischer Kunstverein Stuttgart<\/p>\n<p>&nbsp;<\/p>\n<p>&nbsp;<\/p>\n<p>[\/et_pb_text][\/et_pb_column][et_pb_column type=&#8220;2_5&#8243; _builder_version=&#8220;4.16&#8243; global_colors_info=&#8220;{}&#8220;][\/et_pb_column][\/et_pb_row][et_pb_row column_structure=&#8220;3_5,2_5&#8243; _builder_version=&#8220;4.16&#8243; custom_padding=&#8220;||48px|||&#8220; hover_enabled=&#8220;0&#8243; global_colors_info=&#8220;{}&#8220; sticky_enabled=&#8220;0&#8243;][et_pb_column type=&#8220;3_5&#8243; _builder_version=&#8220;4.16&#8243; global_colors_info=&#8220;{}&#8220;][et_pb_text _builder_version=&#8220;4.27.6&#8243; hover_enabled=&#8220;0&#8243; global_colors_info=&#8220;{}&#8220; sticky_enabled=&#8220;0&#8243;]<\/p>\n<p>&nbsp;<\/p>\n<h3>Ausstellungen\/Ausstellungsbeteiligungen<\/h3>\n<p>&nbsp;<\/p>\n<p>2026 Stuttgart, Kunstbezirk, &#8222;Gl\u00fcckliche F\u00fcgung &#8211; Das Prinzip Collage&#8220;<\/p>\n<p>2025 Ostfildern, St\u00e4dtische Galerie, &#8222;Spot On!&#8220;, Einzelpr\u00e4sentation<\/p>\n<p>2024 Donaueschingen, Donauhallen, \u201e11. Donaueschinger Regionale\u201c<span class=\"Apple-converted-space\">\u00a0<\/span><\/p>\n<p>2024 Ostfildern, St\u00e4dtische Galerie, \u201eTutti Frutti\u201c<\/p>\n<p>2024 Horb am Neckar, Kunstverein Oberer Neckar, \u201eMystik Art Walk\u201c<\/p>\n<p>2023 B\u00f6blingen, Kunstverein, \u201eMarche Rive Gauche &#8211; Les Grandes Femmes\u201c<\/p>\n<p>2023 Paris, France, Cit\u00e9 Internationale des Arts, \u201eMarche Rive Gauche\u201c<\/p>\n<p>2023 Stuttgart, Galerie Keim, Artalarm, 7 K\u00fcnstler aus Ostfildern<\/p>\n<p>2022 Stuttgart, Kunstbezirk, \u201eSummer In The City\u201c<\/p>\n<p>2022 Vaihingen\/Enz, Forum f\u00fcr experimentelle Kunst, \u201eZeitenwende\u201c<\/p>\n<p>2022 Donaueschingen, Donauhallen, \u201e10. Donaueschinger Regionale\u201c<\/p>\n<p>2021 Augsburg, H1-Raum f\u00fcr Kunst im Glaspalast, \u201e73. Gro\u00dfe Schw\u00e4bische Kunstausstellung\u201c<\/p>\n<p>2017 Stuttgart, \u201e7. K\u00fcnstlermesse Baden-W\u00fcrttemberg\u201c<\/p>\n<p>2016 Reutlingen, St\u00e4dtische Galerie, \u201eLANDESWEIT\u201c<\/p>\n<p>2013 M\u00fcnchen, Galerie Huber, J\u00fcrgen Bubeck Fotografie<\/p>\n<p>2013 Stuttgart, \u201e5. K\u00fcnstlermesse Baden-W\u00fcrttemberg\u201c<\/p>\n<p>2011 M\u00fcnchen, Haus der Kunst, Gro\u00dfe Kunstausstellung \u201etierisch\u201c<\/p>\n<p>2011 Riegel, Kunsthalle Messer, \u201eWasser\u201c<\/p>\n<p>2009 Ostfildern, St\u00e4dtische Galerie, \u201eIm Garten der Zeit\u201c<\/p>\n<p>2007 Schorndorf, Kunstverein, \u201ePositionen\u201c<\/p>\n<p>2005 Stuttgart, Hauptausstellung \u201eFotosommer Stuttgart 2005\u201c<\/p>\n<p><i class=\"\"><\/i><\/p>\n<p style=\"text-align: left;\">[\/et_pb_text][et_pb_testimonial author=&#8220; Holle Nann, St\u00e4dtische Galerie Ostfildern&#8220; quote_icon_background_color=&#8220;rgba(245,245,245,0)&#8220; _builder_version=&#8220;4.16&#8243; background_color=&#8220;#3f464d&#8220; global_colors_info=&#8220;{}&#8220;]<\/p>\n<p><i class=\"\">\u201eBubecks Motive sind keine Schnappsch\u00fcsse. Er muss auf seiner Suche zuerst die Stille wahrgenommen haben, die Ruhe erlebt haben, um die Stimmung einzufangen, die er dann dem Betrachter vermittelt. Er bezieht ihn mit ein, nimmt ihn mit an den Ort, wo Stille sp\u00fcrbar wird, wo er loslassen kann, die Zeit vergisst, und dem Paradies ein St\u00fcckchen n\u00e4her ist.\u201c<\/i><\/p>\n<p>[\/et_pb_testimonial][et_pb_testimonial author=&#8220; Prof. Dr. Claude W. Sui, Abteilungsleiter Kunst-und Kulturgeschichte, Forum Internationale Photographie (FIP), Reiss-Engelhorn-Museen, 29.05.2012&#8243; quote_icon_background_color=&#8220;rgba(245,245,245,0)&#8220; _builder_version=&#8220;4.16&#8243; background_color=&#8220;#3f464d&#8220; global_colors_info=&#8220;{}&#8220;]<\/p>\n<p><i class=\"\">\u201eDie Bilder (von J\u00fcrgen Bubeck) sind durch ihre vegetativen Formen, die sich zuweilen repetieren und somit ein eigenes Muster ergeben, surreal und geheimnisvoll: Wassertropfen, Pflanzenbl\u00e4tter und Grashalme nehmen einen eigenen Richtungslauf\/-verlauf vor einem zuweilen phosphorisierenden oder verhaltenen, ged\u00e4mpften Licht. Gegenst\u00e4nde u. Insekten verdoppeln sich und bekommen in ihrer Vervielf\u00e4ltigung eine andere Aura, fremdartig und r\u00e4tselhaft.\u201c<\/i><\/p>\n<p>[\/et_pb_testimonial][et_pb_testimonial author=&#8220;Marco Schacher, Stuttgarter Nachrichten vom 12.12.2009&#8243; quote_icon_background_color=&#8220;rgba(245,245,245,0)&#8220; _builder_version=&#8220;4.16&#8243; background_color=&#8220;#3f464d&#8220; global_colors_info=&#8220;{}&#8220;]<\/p>\n<p><i class=\"\">\u201eDie aufwendige Herstellung der Arbeiten l\u00e4sst [&#8230;] Bubecks Arbeiten in einer beschleunigten Kunstwelt anachronistisch erscheinen. \u201cIm Garten der Zeit\u201c scheint die Zeit stillzustehen. Am sch\u00f6nsten veranschaulichen das die Schnecken-Fotografien von J\u00fcrgen Bubeck. Die sechs neben- und \u00fcbereinander aufgereihten, von unten durch eine Glasscheibe fotografierten Schnecken scheinen sich zwar an der Galeriewand ein \u201eRennen\u201c zu liefern, es bei der Ermittlung eines Gewinners allerdings nicht besonders eilig zu haben.\u201c<\/i><\/p>\n<p>[\/et_pb_testimonial][et_pb_testimonial author=&#8220;Georg Leisten, Stuttgarter Zeitung vom 11.12.2009&#8243; quote_icon_background_color=&#8220;rgba(245,245,245,0)&#8220; _builder_version=&#8220;4.16&#8243; background_color=&#8220;#3f464d&#8220; global_colors_info=&#8220;{}&#8220;]<\/p>\n<p><i class=\"\">\u201eGrobe Kiesbrocken liegen am Ufer des milchig-wei\u00dfen Flusses. Dahinter nichts als Dunkelheit. So stellt man sich Lethe vor, den altgriechischen Unterweltstrom. Kein schlechtes Auftaktbild in der St\u00e4dtischen Galerie Ostfildern, wo der Fotograf J\u00fcrgen Bubeck unter dem Titel \u201eIm Garten der Zeit\u201c den Steinbildhauer Uli Gsell trifft.\u201c<\/i><\/p>\n<p>[\/et_pb_testimonial][et_pb_testimonial author=&#8220;E.Eberle, Esslinger Zeitung vom 17.12.2009&#8243; quote_icon_background_color=&#8220;rgba(245,245,245,0)&#8220; _builder_version=&#8220;4.16&#8243; background_color=&#8220;#3f464d&#8220; global_colors_info=&#8220;{}&#8220;]<\/p>\n<p><i class=\"\">\u201eBrillanz und exquisite \u00c4sthetik pr\u00e4gen die Fotografien Bubecks, allesamt Lambda-Prints auf Alu-Dibond. Er zeigt dunkle W\u00e4lder, deren struppige Konturen sich nur leicht aus dem schwarzen Nichts heraussch\u00e4len, surreale, farbige und stark vergr\u00f6\u00dferte Detailaufnahmen von \u201cMonokulturen\u201c\u2026\u2026Eine faszinierende, reine Sch\u00f6nheit strahlen auch Bubeck gestochen scharfe \u201eEscargots\u201c &#8211; H\u00e4user tragende Schnecken unterschiedlicher Art- aus.\u201c<\/i><\/p>\n<p>[\/et_pb_testimonial][et_pb_testimonial author=&#8220;Stuttgarter Zeitung vom 21.11.2015&#8243; quote_icon_background_color=&#8220;rgba(245,245,245,0)&#8220; _builder_version=&#8220;4.16&#8243; background_color=&#8220;#3f464d&#8220; global_colors_info=&#8220;{}&#8220;]<\/p>\n<p><span> Zum Kochbuch \u201cSuppen aus China\u201c (Drachenhausverlag): \u201e<\/span><i class=\"\">Dem Kochbuch sind fulminante Bilder beigegeben, die Appetit machen, die Kompositionen aus Wasser und Gem\u00fcse mit viel Yin und Yang auszuprobieren.\u201c<\/i><\/p>\n<p>[\/et_pb_testimonial][\/et_pb_column][et_pb_column type=&#8220;2_5&#8243; _builder_version=&#8220;4.16&#8243; global_colors_info=&#8220;{}&#8220;][\/et_pb_column][\/et_pb_row][\/et_pb_section]<\/p>\n","protected":false},"excerpt":{"rendered":"<p>Der Fotok\u00fcnstler J\u00fcrgen Bubeck hat mehrere gro\u00dfe Leidenschaften: Das Fotografieren, das Kochen und das Durchdringen allt\u00e4glicher Dinge mit geschultem Blick. Dies bildet f\u00fcr seine Art des Kunstschaffens die perfekte Symbiose. Der K\u00fcnstler greift nicht selten zu Kochl\u00f6ffel und Kohl, Quirl und Quitte und erfindet visuelle wie kulinarische Schlemmereien. So ziseliert er f\u00fcr seine Fotografien chirurgisch [&hellip;]<\/p>\n","protected":false},"author":1,"featured_media":0,"parent":0,"menu_order":0,"comment_status":"closed","ping_status":"closed","template":"","meta":{"_et_pb_use_builder":"on","_et_pb_old_content":"","_et_gb_content_width":"","footnotes":""},"class_list":["post-200","page","type-page","status-publish","hentry"],"_links":{"self":[{"href":"https:\/\/juergenbubeck.de\/index.php?rest_route=\/wp\/v2\/pages\/200","targetHints":{"allow":["GET"]}}],"collection":[{"href":"https:\/\/juergenbubeck.de\/index.php?rest_route=\/wp\/v2\/pages"}],"about":[{"href":"https:\/\/juergenbubeck.de\/index.php?rest_route=\/wp\/v2\/types\/page"}],"author":[{"embeddable":true,"href":"https:\/\/juergenbubeck.de\/index.php?rest_route=\/wp\/v2\/users\/1"}],"replies":[{"embeddable":true,"href":"https:\/\/juergenbubeck.de\/index.php?rest_route=%2Fwp%2Fv2%2Fcomments&post=200"}],"version-history":[{"count":53,"href":"https:\/\/juergenbubeck.de\/index.php?rest_route=\/wp\/v2\/pages\/200\/revisions"}],"predecessor-version":[{"id":1589,"href":"https:\/\/juergenbubeck.de\/index.php?rest_route=\/wp\/v2\/pages\/200\/revisions\/1589"}],"wp:attachment":[{"href":"https:\/\/juergenbubeck.de\/index.php?rest_route=%2Fwp%2Fv2%2Fmedia&parent=200"}],"curies":[{"name":"wp","href":"https:\/\/api.w.org\/{rel}","templated":true}]}}