{"id":1560,"date":"2025-05-06T07:09:13","date_gmt":"2025-05-06T07:09:13","guid":{"rendered":"https:\/\/juergenbubeck.de\/?page_id=1560"},"modified":"2025-05-06T14:04:10","modified_gmt":"2025-05-06T14:04:10","slug":"vernetzungen-4215","status":"publish","type":"page","link":"https:\/\/juergenbubeck.de\/?page_id=1560","title":{"rendered":"Vernetzungen #4215"},"content":{"rendered":"<p>[et_pb_section fb_built=&#8220;1&#8243; _builder_version=&#8220;4.16&#8243; background_color=&#8220;#3f464d&#8220; global_colors_info=&#8220;{}&#8220;][et_pb_row _builder_version=&#8220;4.16&#8243; global_colors_info=&#8220;{}&#8220;][et_pb_column type=&#8220;4_4&#8243; _builder_version=&#8220;4.16&#8243; global_colors_info=&#8220;{}&#8220;][et_pb_image src=&#8220;https:\/\/juergenbubeck.de\/wp-content\/uploads\/2025\/05\/Spot_On_Vernetzungen4215.jpg&#8220; alt=&#8220;Spot On! Gesamtansicht von Vernetzungen #4215&#8243; title_text=&#8220;Spot_On!_Vernetzungen#4215&#8243; align=&#8220;center&#8220; _builder_version=&#8220;4.20.0&#8243; global_colors_info=&#8220;{}&#8220;][\/et_pb_image][et_pb_text _builder_version=&#8220;4.20.0&#8243; text_text_color=&#8220;#a9a9ab&#8220; background_layout_tablet=&#8220;&#8220; background_layout_phone=&#8220;&#8220; background_layout_last_edited=&#8220;on|desktop&#8220; global_colors_info=&#8220;{}&#8220;]<\/p>\n<p>&nbsp;<\/p>\n<h3>Spot On!<span class=\"Apple-converted-space\">\u00a0<\/span><\/h3>\n<h4>Die Jubil\u00e4umsausstellung in der St\u00e4dtischen Galerie Ostfildern<\/h4>\n<p><strong><\/strong><\/p>\n<p><strong><\/strong><\/p>\n<p>Die Fotoarbeit VERNETZUNGEN #4215 von J\u00fcrgen Bubeck interpretiere ich als Sinnbild f\u00fcr Gestaltungsmut, f\u00fcr Transformation als Gemeinschaftswerk: K\u00fcnstler:innen und B\u00fcrger:innen haben durch Kooperation diese Fotoarbeit m\u00f6glich gemacht &#8211; durch Interesse, Zusammenarbeit und die Bereitschaft sich aufeinander einzulassen; all dies sind Voraussetzungen f\u00fcr Transformation.<\/p>\n<p>&nbsp;<\/p>\n<p>\u201eWenn es etwas gibt, was Kunst, Kultur und Wissenschaft d\u00fcrfen und einbringen sollen, dann ist es, den Imaginationsraum weit zu halten. Es ist unsere Aufgabe, die Pfade der m\u00f6glichen Entwicklungen breit zu halten, damit die Gesellschaft das Spektrum der Optionen noch sehen kann.\u201c Das sagt Maja G\u00f6pel, Polit\u00f6konomin und Nachhaltigkeitsexpertin.<\/p>\n<p>\u201eNatur bildet die Grundlage unseres Wirtschaftens, sie erschafft die Energie und das Material daf\u00fcr, der Mensch formt beides nur um.<\/p>\n<p>Der bedeutende Unterschied zwischen (\u2026) Systemen, die der moderne Mensch baut, und solchen, die in der Natur vorkommen ist, dass Letztere durch eine hohe Diversit\u00e4t gekennzeichnet sind und in einem Kreislauf funktionieren.<\/p>\n<p>Im nat\u00fcrlichen System gibt es niemanden, der etwas rausnimmt, ohne es nicht in einer weiter verwertbaren Form wieder zur\u00fcckzugeben. Der Abfall des einen ist die Nahrung des anderen.<\/p>\n<p>Greift der moderne Mensch in so ein gewachsenes System ein, wird aus dem Kreislauf ein F\u00f6rderband, das nur noch in eine Richtung l\u00e4uft. Vorne wird abgebaut, dann verbraucht und hinten entsteht M\u00fcll, der f\u00fcr niemanden Nahrung ist. M\u00fcll, der verbrannt, verbuddelt oder aufget\u00fcrmt wird oder eben im Meer und in den Fl\u00fcssen schwimmt. Nat\u00fcrliche Systeme sind auf Dauer angelegt, menschliche auf den Moment.\u201c<\/p>\n<p>&nbsp;<\/p>\n<p>In Krisenzeiten wie derzeit funktioniert das Gewohnte oft nicht mehr. Wir m\u00fcssen Altbew\u00e4hrtes loslassen und Neues gestalten. Genau das besagt der Begriff Transformation. Zudem zeigt die monumentale Fotoarbeit uns: das Ganze ist mehr als seine Teile.<\/p>\n<p>&nbsp;<\/p>\n<p>Text Beate C. Winkler, gelesen zur Vernissage am 02.05.2025 \/ Zitate aus Maja G\u00f6pel: &gt;Unsere Welt neu denken &#8211; Eine Einladung&lt;, Ullstein Verlag, 2021<\/p>\n<p>&nbsp;<\/p>\n<p>[\/et_pb_text][\/et_pb_column][\/et_pb_row][et_pb_row _builder_version=&#8220;4.16&#8243; global_colors_info=&#8220;{}&#8220;][et_pb_column type=&#8220;4_4&#8243; _builder_version=&#8220;4.16&#8243; global_colors_info=&#8220;{}&#8220;][et_pb_image src=&#8220;https:\/\/juergenbubeck.de\/wp-content\/uploads\/2025\/05\/Spot_On_Detail1.jpg&#8220; alt=&#8220;Spot On! Detail 1 aus Vernetzungen #4215&#8243; title_text=&#8220;Spot_On!_Detail1&#8243; align=&#8220;center&#8220; _builder_version=&#8220;4.20.0&#8243; global_colors_info=&#8220;{}&#8220;][\/et_pb_image][et_pb_text _builder_version=&#8220;4.16&#8243; global_colors_info=&#8220;{}&#8220;][\/et_pb_text][\/et_pb_column][\/et_pb_row][et_pb_row _builder_version=&#8220;4.16&#8243; global_colors_info=&#8220;{}&#8220;][et_pb_column type=&#8220;4_4&#8243; _builder_version=&#8220;4.16&#8243; global_colors_info=&#8220;{}&#8220;][et_pb_image src=&#8220;https:\/\/juergenbubeck.de\/wp-content\/uploads\/2025\/05\/Spot_On_Detail2.jpg&#8220; alt=&#8220;Spot On! Detail 2 aus Vernetzungen #4215&#8243; title_text=&#8220;Spot_On!_Detail2&#8243; align=&#8220;center&#8220; _builder_version=&#8220;4.20.0&#8243; global_colors_info=&#8220;{}&#8220;][\/et_pb_image][et_pb_text _builder_version=&#8220;4.16&#8243; global_colors_info=&#8220;{}&#8220;][\/et_pb_text][\/et_pb_column][\/et_pb_row][et_pb_row _builder_version=&#8220;4.16&#8243; global_colors_info=&#8220;{}&#8220;][et_pb_column type=&#8220;4_4&#8243; _builder_version=&#8220;4.16&#8243; global_colors_info=&#8220;{}&#8220;][et_pb_image src=&#8220;https:\/\/juergenbubeck.de\/wp-content\/uploads\/2025\/05\/Spot_On_Detail3.jpg&#8220; alt=&#8220;Spot On! Detail 3 aus Vernetzungen #4215&#8243; title_text=&#8220;Spot_On!_Detail3&#8243; align=&#8220;center&#8220; _builder_version=&#8220;4.20.0&#8243; global_colors_info=&#8220;{}&#8220;][\/et_pb_image][et_pb_text _builder_version=&#8220;4.16&#8243; global_colors_info=&#8220;{}&#8220;][\/et_pb_text][\/et_pb_column][\/et_pb_row][et_pb_row _builder_version=&#8220;4.16&#8243; global_colors_info=&#8220;{}&#8220;][et_pb_column type=&#8220;4_4&#8243; _builder_version=&#8220;4.16&#8243; global_colors_info=&#8220;{}&#8220;][et_pb_image src=&#8220;https:\/\/juergenbubeck.de\/wp-content\/uploads\/2025\/05\/Spot_On_Detail4.jpg&#8220; alt=&#8220;Spot On! Detail 4 aus Vernetzungen #4215&#8243; title_text=&#8220;Spot_On!_Detail4&#8243; align=&#8220;center&#8220; _builder_version=&#8220;4.20.0&#8243; global_colors_info=&#8220;{}&#8220;][\/et_pb_image][et_pb_text _builder_version=&#8220;4.16&#8243; global_colors_info=&#8220;{}&#8220;][\/et_pb_text][\/et_pb_column][\/et_pb_row][et_pb_row _builder_version=&#8220;4.16&#8243; global_colors_info=&#8220;{}&#8220;][et_pb_column type=&#8220;4_4&#8243; _builder_version=&#8220;4.16&#8243; global_colors_info=&#8220;{}&#8220;][et_pb_image src=&#8220;https:\/\/juergenbubeck.de\/wp-content\/uploads\/2025\/05\/Spot_On_Detail5.jpg&#8220; alt=&#8220;Spot On! Detail 5 aus Vernetzungen #4215&#8243; title_text=&#8220;Spot_On!_Detail5&#8243; align=&#8220;center&#8220; _builder_version=&#8220;4.20.0&#8243; global_colors_info=&#8220;{}&#8220;][\/et_pb_image][et_pb_text _builder_version=&#8220;4.16&#8243; global_colors_info=&#8220;{}&#8220;][\/et_pb_text][\/et_pb_column][\/et_pb_row][et_pb_row _builder_version=&#8220;4.16&#8243; global_colors_info=&#8220;{}&#8220;][et_pb_column type=&#8220;4_4&#8243; _builder_version=&#8220;4.16&#8243; global_colors_info=&#8220;{}&#8220;][et_pb_image src=&#8220;https:\/\/juergenbubeck.de\/wp-content\/uploads\/2025\/05\/Spot_On_Detail6.jpg&#8220; alt=&#8220;Spot On! Detail 6 aus Vernetzungen #4215&#8243; title_text=&#8220;Spot_On!_Detail6&#8243; align=&#8220;center&#8220; _builder_version=&#8220;4.20.0&#8243; global_colors_info=&#8220;{}&#8220;][\/et_pb_image][et_pb_text _builder_version=&#8220;4.16&#8243; global_colors_info=&#8220;{}&#8220;][\/et_pb_text][\/et_pb_column][\/et_pb_row][et_pb_row _builder_version=&#8220;4.16&#8243; global_colors_info=&#8220;{}&#8220;][et_pb_column type=&#8220;4_4&#8243; _builder_version=&#8220;4.16&#8243; global_colors_info=&#8220;{}&#8220;][et_pb_image src=&#8220;https:\/\/juergenbubeck.de\/wp-content\/uploads\/2025\/05\/Spot_On_Detail7.jpg&#8220; alt=&#8220;Spot On! Detail 7 aus Vernetzungen #4215&#8243; title_text=&#8220;Spot_On!_Detail7&#8243; align=&#8220;center&#8220; _builder_version=&#8220;4.20.0&#8243; global_colors_info=&#8220;{}&#8220;][\/et_pb_image][et_pb_text _builder_version=&#8220;4.16&#8243; global_colors_info=&#8220;{}&#8220;][\/et_pb_text][\/et_pb_column][\/et_pb_row][et_pb_row _builder_version=&#8220;4.16&#8243; global_colors_info=&#8220;{}&#8220;][et_pb_column type=&#8220;4_4&#8243; _builder_version=&#8220;4.16&#8243; global_colors_info=&#8220;{}&#8220;][et_pb_image src=&#8220;https:\/\/juergenbubeck.de\/wp-content\/uploads\/2025\/05\/Spot_On_Detail8.jpg&#8220; alt=&#8220;Spot On! Detail 8 aus Vernetzungen #4215&#8243; title_text=&#8220;Spot_On!_Detail8&#8243; align=&#8220;center&#8220; _builder_version=&#8220;4.20.0&#8243; global_colors_info=&#8220;{}&#8220;][\/et_pb_image][et_pb_text _builder_version=&#8220;4.16&#8243; global_colors_info=&#8220;{}&#8220;][\/et_pb_text][\/et_pb_column][\/et_pb_row][et_pb_row _builder_version=&#8220;4.16&#8243; global_colors_info=&#8220;{}&#8220;][et_pb_column type=&#8220;4_4&#8243; _builder_version=&#8220;4.16&#8243; global_colors_info=&#8220;{}&#8220;][et_pb_image src=&#8220;https:\/\/juergenbubeck.de\/wp-content\/uploads\/2025\/05\/Spot_On_Detail9.jpg&#8220; alt=&#8220;Spot On! Detail 9 aus Vernetzungen #4215&#8243; title_text=&#8220;Spot_On!_Detail9&#8243; align=&#8220;center&#8220; _builder_version=&#8220;4.20.0&#8243; global_colors_info=&#8220;{}&#8220;][\/et_pb_image][et_pb_text _builder_version=&#8220;4.16&#8243; global_colors_info=&#8220;{}&#8220;][\/et_pb_text][\/et_pb_column][\/et_pb_row][et_pb_row _builder_version=&#8220;4.16&#8243; global_colors_info=&#8220;{}&#8220;][et_pb_column type=&#8220;4_4&#8243; _builder_version=&#8220;4.16&#8243; global_colors_info=&#8220;{}&#8220;][et_pb_image src=&#8220;https:\/\/juergenbubeck.de\/wp-content\/uploads\/2025\/05\/Spot_On_Vernissage-2.jpg&#8220; alt=&#8220;Juergen Bubeck bei der Vernissage%22Spot On!%22&#8243; title_text=&#8220;Spot_On!_Vernissage-2&#8243; align=&#8220;center&#8220; _builder_version=&#8220;4.20.0&#8243; hover_enabled=&#8220;0&#8243; global_colors_info=&#8220;{}&#8220; sticky_enabled=&#8220;0&#8243;][\/et_pb_image][et_pb_text _builder_version=&#8220;4.16&#8243; global_colors_info=&#8220;{}&#8220;][\/et_pb_text][\/et_pb_column][\/et_pb_row][et_pb_row _builder_version=&#8220;4.16&#8243; global_colors_info=&#8220;{}&#8220;][et_pb_column type=&#8220;4_4&#8243; _builder_version=&#8220;4.16&#8243; global_colors_info=&#8220;{}&#8220;][et_pb_image src=&#8220;https:\/\/juergenbubeck.de\/wp-content\/uploads\/2025\/05\/Spot_On_Vernissage-1.jpg&#8220; alt=&#8220;Besucher bei der Vernissage %22Spot On!%22&#8243; title_text=&#8220;Spot_On!_Vernissage-1&#8243; align=&#8220;center&#8220; _builder_version=&#8220;4.20.0&#8243; hover_enabled=&#8220;0&#8243; global_colors_info=&#8220;{}&#8220; sticky_enabled=&#8220;0&#8243;][\/et_pb_image][et_pb_text _builder_version=&#8220;4.16&#8243; global_colors_info=&#8220;{}&#8220;][\/et_pb_text][\/et_pb_column][\/et_pb_row][et_pb_row _builder_version=&#8220;4.16&#8243; global_colors_info=&#8220;{}&#8220;][et_pb_column type=&#8220;4_4&#8243; _builder_version=&#8220;4.16&#8243; global_colors_info=&#8220;{}&#8220;][et_pb_image src=&#8220;https:\/\/juergenbubeck.de\/wp-content\/uploads\/2025\/05\/Spot_On_Vernissage-3.jpg&#8220; alt=&#8220;Vernetzungen # 4215 bei der Vernissage%22Spot On!%22&#8243; title_text=&#8220;Spot_On!_Vernissage-3&#8243; align=&#8220;center&#8220; _builder_version=&#8220;4.20.0&#8243; hover_enabled=&#8220;0&#8243; global_colors_info=&#8220;{}&#8220; sticky_enabled=&#8220;0&#8243;][\/et_pb_image][et_pb_text _builder_version=&#8220;4.16&#8243; global_colors_info=&#8220;{}&#8220;][\/et_pb_text][\/et_pb_column][\/et_pb_row][et_pb_row _builder_version=&#8220;4.16&#8243; global_colors_info=&#8220;{}&#8220;][et_pb_column type=&#8220;4_4&#8243; _builder_version=&#8220;4.16&#8243; global_colors_info=&#8220;{}&#8220;][et_pb_text _builder_version=&#8220;4.16&#8243; global_colors_info=&#8220;{}&#8220;][\/et_pb_text][\/et_pb_column][\/et_pb_row][et_pb_row _builder_version=&#8220;4.16&#8243; global_colors_info=&#8220;{}&#8220;][et_pb_column type=&#8220;4_4&#8243; _builder_version=&#8220;4.16&#8243; global_colors_info=&#8220;{}&#8220;][et_pb_text _builder_version=&#8220;4.16&#8243; global_colors_info=&#8220;{}&#8220;][\/et_pb_text][\/et_pb_column][\/et_pb_row][et_pb_row _builder_version=&#8220;4.16&#8243; global_colors_info=&#8220;{}&#8220;][et_pb_column type=&#8220;4_4&#8243; _builder_version=&#8220;4.16&#8243; global_colors_info=&#8220;{}&#8220;][et_pb_text _builder_version=&#8220;4.16&#8243; global_colors_info=&#8220;{}&#8220;][\/et_pb_text][\/et_pb_column][\/et_pb_row][et_pb_row _builder_version=&#8220;4.16&#8243; global_colors_info=&#8220;{}&#8220;][et_pb_column type=&#8220;4_4&#8243; _builder_version=&#8220;4.16&#8243; global_colors_info=&#8220;{}&#8220;][et_pb_text _builder_version=&#8220;4.16&#8243; global_colors_info=&#8220;{}&#8220;][\/et_pb_text][\/et_pb_column][\/et_pb_row][\/et_pb_section]<\/p>\n","protected":false},"excerpt":{"rendered":"<p>&nbsp; Spot On!\u00a0 Die Jubil\u00e4umsausstellung in der St\u00e4dtischen Galerie Ostfildern Die Fotoarbeit VERNETZUNGEN #4215 von J\u00fcrgen Bubeck interpretiere ich als Sinnbild f\u00fcr Gestaltungsmut, f\u00fcr Transformation als Gemeinschaftswerk: K\u00fcnstler:innen und B\u00fcrger:innen haben durch Kooperation diese Fotoarbeit m\u00f6glich gemacht &#8211; durch Interesse, Zusammenarbeit und die Bereitschaft sich aufeinander einzulassen; all dies sind Voraussetzungen f\u00fcr Transformation. &nbsp; \u201eWenn [&hellip;]<\/p>\n","protected":false},"author":1,"featured_media":0,"parent":0,"menu_order":0,"comment_status":"closed","ping_status":"closed","template":"","meta":{"_et_pb_use_builder":"on","_et_pb_old_content":"","_et_gb_content_width":"","footnotes":""},"class_list":["post-1560","page","type-page","status-publish","hentry"],"_links":{"self":[{"href":"https:\/\/juergenbubeck.de\/index.php?rest_route=\/wp\/v2\/pages\/1560","targetHints":{"allow":["GET"]}}],"collection":[{"href":"https:\/\/juergenbubeck.de\/index.php?rest_route=\/wp\/v2\/pages"}],"about":[{"href":"https:\/\/juergenbubeck.de\/index.php?rest_route=\/wp\/v2\/types\/page"}],"author":[{"embeddable":true,"href":"https:\/\/juergenbubeck.de\/index.php?rest_route=\/wp\/v2\/users\/1"}],"replies":[{"embeddable":true,"href":"https:\/\/juergenbubeck.de\/index.php?rest_route=%2Fwp%2Fv2%2Fcomments&post=1560"}],"version-history":[{"count":5,"href":"https:\/\/juergenbubeck.de\/index.php?rest_route=\/wp\/v2\/pages\/1560\/revisions"}],"predecessor-version":[{"id":1580,"href":"https:\/\/juergenbubeck.de\/index.php?rest_route=\/wp\/v2\/pages\/1560\/revisions\/1580"}],"wp:attachment":[{"href":"https:\/\/juergenbubeck.de\/index.php?rest_route=%2Fwp%2Fv2%2Fmedia&parent=1560"}],"curies":[{"name":"wp","href":"https:\/\/api.w.org\/{rel}","templated":true}]}}