{"id":1514,"date":"2024-05-17T15:15:17","date_gmt":"2024-05-17T15:15:17","guid":{"rendered":"https:\/\/juergenbubeck.de\/?page_id=1514"},"modified":"2024-05-18T08:37:05","modified_gmt":"2024-05-18T08:37:05","slug":"mystik-art-walk-25","status":"publish","type":"page","link":"https:\/\/juergenbubeck.de\/?page_id=1514","title":{"rendered":"Mystik Art Walk"},"content":{"rendered":"<p>[et_pb_section fb_built=&#8220;1&#8243; _builder_version=&#8220;4.16&#8243; background_color=&#8220;#3f464d&#8220; global_colors_info=&#8220;{}&#8220;][et_pb_row _builder_version=&#8220;4.16&#8243; global_colors_info=&#8220;{}&#8220;][et_pb_column type=&#8220;4_4&#8243; _builder_version=&#8220;4.16&#8243; global_colors_info=&#8220;{}&#8220;][et_pb_image src=&#8220;https:\/\/juergenbubeck.de\/wp-content\/uploads\/2024\/05\/Mystik_Art_Walk-1.jpg&#8220; title_text=&#8220;Mystik_Art_Walk&#8220; align=&#8220;center&#8220; _builder_version=&#8220;4.20.0&#8243; global_colors_info=&#8220;{}&#8220;][\/et_pb_image][et_pb_text _builder_version=&#8220;4.20.0&#8243; text_text_color=&#8220;#a9a9ab&#8220; hover_enabled=&#8220;0&#8243; background_layout_tablet=&#8220;&#8220; background_layout_phone=&#8220;&#8220; background_layout_last_edited=&#8220;on|desktop&#8220; global_colors_info=&#8220;{}&#8220; sticky_enabled=&#8220;0&#8243;]<\/p>\n<p>&nbsp;<\/p>\n<h3><strong>Kunst am Wegesrand &#8211; Horb am Neckar<\/strong><\/h3>\n<p><strong><\/strong><\/p>\n<p><strong><\/strong><\/p>\n<p>Im Rahmen des Kunst- und Performance-Projekts \u201eKunst am Wegesrand\u201c werden vom 30. April bis 15. September 2024 internationale K\u00fcnstler*innen wesentliche und pr\u00e4gende Orte im \u00f6ffentlichen Raum in Horb am Neckar bespielen.<\/p>\n<p>Die Performance-Beitr\u00e4ge greifen historische Ph\u00e4nomene der regionalen Hexenverfolgung auf und kn\u00fcpfen an Rituale und Braucht\u00fcmer mit Bezug zur Stadt an.<\/p>\n<p>Die Hexenverfolgung steht im Zusammenhang mit der Unterdr\u00fcckung der Frau und hat bis heute sp\u00fcrbare Auswirkungen. Negative Bilder des \u201eHexenwesens\u201c pr\u00e4gen unser kollektives Ged\u00e4chtnis und bedienen bereits im Kindesalter durch M\u00e4rchenb\u00fccher Vorurteile und Klischees. Anette C. Halm verwendet die Figur der \u201eHexe\u201c als ein Symbol des Widerstands gegen patriarchale Strukturen und betont die Macht und Spiritualit\u00e4t, die diesem Stigma anhaftet. Sie erinnert mit dem Performance-Marsch an die gelebte Geschichte in Horb am Neckar, wo auch die traditionelle Fasnet verankert ist. Mit den Teilnehmer*innen folgt sie den Spuren der Hexenverfolgung als Mahnung an die Gegenwart.<\/p>\n<p>Selbst heute noch werden Hexen in \u00fcber 40 L\u00e4ndern verfolgt, darunter in Teilen von Afrika, S\u00fcdamerika und Asien.<\/p>\n<p>Text: G\u00fcnter Baumann<\/p>\n<p>&nbsp;<\/p>\n<p>&nbsp;<\/p>\n<p>Performance-Marsch von Anette C. Halm<\/p>\n<p>Eskorte \/ Performance von Katrin Kinsler<\/p>\n<p>In-Fragilit\u00e9 II \/ Performance von Yena Kim<\/p>\n<p>Protest for Witches \/ Performance von Ezgi B\u00f6ttger<\/p>\n<p>A Tribute to C. R., 1570-1618 \/ Performance von Britta M. Ischka<\/p>\n<p>Signum II \/ Performance von Andrea Isa<\/p>\n<p>Die dunkle Seite des Mondes \/ Performance von Angela Vanini<\/p>\n<p>The Cleaning \/ FEM Performance von Sissi-Madelaine Sch\u00f6llhuber und Anette C. Halm<\/p>\n<p>Mystik Art Walk \/ Performance von Sissi-Madelaine Sch\u00f6llhuber<\/p>\n<p><span style=\"color: #999999;\">\u00a0<\/span><\/p>\n<p>&nbsp;<\/p>\n<p>[\/et_pb_text][\/et_pb_column][\/et_pb_row][et_pb_row _builder_version=&#8220;4.16&#8243; global_colors_info=&#8220;{}&#8220;][et_pb_column type=&#8220;4_4&#8243; _builder_version=&#8220;4.16&#8243; global_colors_info=&#8220;{}&#8220;][et_pb_image src=&#8220;https:\/\/juergenbubeck.de\/wp-content\/uploads\/2024\/05\/Mystik-Art-Walk-1.jpg&#8220; title_text=&#8220;Mystik-Art-Walk-1&#8243; align=&#8220;center&#8220; _builder_version=&#8220;4.20.0&#8243; global_colors_info=&#8220;{}&#8220;][\/et_pb_image][et_pb_text _builder_version=&#8220;4.16&#8243; global_colors_info=&#8220;{}&#8220;][\/et_pb_text][\/et_pb_column][\/et_pb_row][et_pb_row _builder_version=&#8220;4.16&#8243; global_colors_info=&#8220;{}&#8220;][et_pb_column type=&#8220;4_4&#8243; _builder_version=&#8220;4.16&#8243; global_colors_info=&#8220;{}&#8220;][et_pb_image src=&#8220;https:\/\/juergenbubeck.de\/wp-content\/uploads\/2024\/05\/Mystik-Art-Walk-2.jpg&#8220; title_text=&#8220;Mystik-Art-Walk-2&#8243; align=&#8220;center&#8220; _builder_version=&#8220;4.20.0&#8243; global_colors_info=&#8220;{}&#8220;][\/et_pb_image][et_pb_text _builder_version=&#8220;4.16&#8243; global_colors_info=&#8220;{}&#8220;][\/et_pb_text][\/et_pb_column][\/et_pb_row][et_pb_row _builder_version=&#8220;4.16&#8243; global_colors_info=&#8220;{}&#8220;][et_pb_column type=&#8220;4_4&#8243; _builder_version=&#8220;4.16&#8243; global_colors_info=&#8220;{}&#8220;][et_pb_image src=&#8220;https:\/\/juergenbubeck.de\/wp-content\/uploads\/2024\/05\/Mystik-Art-Walk-3.jpg&#8220; title_text=&#8220;Mystik-Art-Walk-3&#8243; align=&#8220;center&#8220; _builder_version=&#8220;4.20.0&#8243; global_colors_info=&#8220;{}&#8220;][\/et_pb_image][et_pb_text _builder_version=&#8220;4.16&#8243; global_colors_info=&#8220;{}&#8220;][\/et_pb_text][\/et_pb_column][\/et_pb_row][et_pb_row _builder_version=&#8220;4.16&#8243; global_colors_info=&#8220;{}&#8220;][et_pb_column type=&#8220;4_4&#8243; _builder_version=&#8220;4.16&#8243; global_colors_info=&#8220;{}&#8220;][et_pb_image src=&#8220;https:\/\/juergenbubeck.de\/wp-content\/uploads\/2024\/05\/Mystik-Art-Walk-4.jpg&#8220; title_text=&#8220;Mystik-Art-Walk-4&#8243; align=&#8220;center&#8220; _builder_version=&#8220;4.20.0&#8243; global_colors_info=&#8220;{}&#8220;][\/et_pb_image][et_pb_text _builder_version=&#8220;4.16&#8243; global_colors_info=&#8220;{}&#8220;][\/et_pb_text][\/et_pb_column][\/et_pb_row][et_pb_row _builder_version=&#8220;4.16&#8243; global_colors_info=&#8220;{}&#8220;][et_pb_column type=&#8220;4_4&#8243; _builder_version=&#8220;4.16&#8243; global_colors_info=&#8220;{}&#8220;][et_pb_image src=&#8220;https:\/\/juergenbubeck.de\/wp-content\/uploads\/2024\/05\/Mystik-Art-Walk-5.jpg&#8220; title_text=&#8220;Mystik-Art-Walk-5&#8243; align=&#8220;center&#8220; _builder_version=&#8220;4.20.0&#8243; global_colors_info=&#8220;{}&#8220;][\/et_pb_image][et_pb_text _builder_version=&#8220;4.16&#8243; global_colors_info=&#8220;{}&#8220;][\/et_pb_text][\/et_pb_column][\/et_pb_row][et_pb_row _builder_version=&#8220;4.16&#8243; global_colors_info=&#8220;{}&#8220;][et_pb_column type=&#8220;4_4&#8243; _builder_version=&#8220;4.16&#8243; global_colors_info=&#8220;{}&#8220;][et_pb_image src=&#8220;https:\/\/juergenbubeck.de\/wp-content\/uploads\/2024\/05\/Mystik-Art-Walk-6.jpg&#8220; title_text=&#8220;Mystik-Art-Walk-6&#8243; align=&#8220;center&#8220; _builder_version=&#8220;4.20.0&#8243; global_colors_info=&#8220;{}&#8220;][\/et_pb_image][et_pb_text _builder_version=&#8220;4.16&#8243; global_colors_info=&#8220;{}&#8220;][\/et_pb_text][\/et_pb_column][\/et_pb_row][et_pb_row _builder_version=&#8220;4.16&#8243; global_colors_info=&#8220;{}&#8220;][et_pb_column type=&#8220;4_4&#8243; _builder_version=&#8220;4.16&#8243; global_colors_info=&#8220;{}&#8220;][et_pb_image src=&#8220;https:\/\/juergenbubeck.de\/wp-content\/uploads\/2024\/05\/Mystik-Art-Walk-7.jpg&#8220; title_text=&#8220;Mystik-Art-Walk-7&#8243; align=&#8220;center&#8220; _builder_version=&#8220;4.20.0&#8243; global_colors_info=&#8220;{}&#8220;][\/et_pb_image][et_pb_text _builder_version=&#8220;4.16&#8243; global_colors_info=&#8220;{}&#8220;][\/et_pb_text][\/et_pb_column][\/et_pb_row][et_pb_row _builder_version=&#8220;4.16&#8243; global_colors_info=&#8220;{}&#8220;][et_pb_column type=&#8220;4_4&#8243; _builder_version=&#8220;4.16&#8243; global_colors_info=&#8220;{}&#8220;][et_pb_image src=&#8220;https:\/\/juergenbubeck.de\/wp-content\/uploads\/2024\/05\/Mystik-Art-Walk-8.jpg&#8220; title_text=&#8220;Mystik-Art-Walk-8&#8243; align=&#8220;center&#8220; _builder_version=&#8220;4.20.0&#8243; global_colors_info=&#8220;{}&#8220;][\/et_pb_image][et_pb_text _builder_version=&#8220;4.16&#8243; global_colors_info=&#8220;{}&#8220;][\/et_pb_text][\/et_pb_column][\/et_pb_row][et_pb_row _builder_version=&#8220;4.16&#8243; global_colors_info=&#8220;{}&#8220;][et_pb_column type=&#8220;4_4&#8243; _builder_version=&#8220;4.16&#8243; global_colors_info=&#8220;{}&#8220;][et_pb_image src=&#8220;https:\/\/juergenbubeck.de\/wp-content\/uploads\/2024\/05\/Mystik-Art-Walk-9.jpg&#8220; title_text=&#8220;Mystik-Art-Walk-9&#8243; align=&#8220;center&#8220; _builder_version=&#8220;4.20.0&#8243; global_colors_info=&#8220;{}&#8220;][\/et_pb_image][et_pb_text _builder_version=&#8220;4.16&#8243; global_colors_info=&#8220;{}&#8220;][\/et_pb_text][\/et_pb_column][\/et_pb_row][et_pb_row _builder_version=&#8220;4.16&#8243; global_colors_info=&#8220;{}&#8220;][et_pb_column type=&#8220;4_4&#8243; _builder_version=&#8220;4.16&#8243; global_colors_info=&#8220;{}&#8220;][et_pb_image src=&#8220;https:\/\/juergenbubeck.de\/wp-content\/uploads\/2024\/05\/Mystik-Art-Walk-10.jpg&#8220; title_text=&#8220;Mystik-Art-Walk-10&#8243; align=&#8220;center&#8220; _builder_version=&#8220;4.20.0&#8243; global_colors_info=&#8220;{}&#8220;][\/et_pb_image][et_pb_text _builder_version=&#8220;4.16&#8243; global_colors_info=&#8220;{}&#8220;][\/et_pb_text][\/et_pb_column][\/et_pb_row][et_pb_row _builder_version=&#8220;4.16&#8243; global_colors_info=&#8220;{}&#8220;][et_pb_column type=&#8220;4_4&#8243; _builder_version=&#8220;4.16&#8243; global_colors_info=&#8220;{}&#8220;][et_pb_image src=&#8220;https:\/\/juergenbubeck.de\/wp-content\/uploads\/2024\/05\/Mystik-Art-Walk-11.jpg&#8220; title_text=&#8220;Mystik-Art-Walk-11&#8243; align=&#8220;center&#8220; _builder_version=&#8220;4.20.0&#8243; global_colors_info=&#8220;{}&#8220;][\/et_pb_image][et_pb_text _builder_version=&#8220;4.16&#8243; global_colors_info=&#8220;{}&#8220;][\/et_pb_text][\/et_pb_column][\/et_pb_row][et_pb_row _builder_version=&#8220;4.16&#8243; global_colors_info=&#8220;{}&#8220;][et_pb_column type=&#8220;4_4&#8243; _builder_version=&#8220;4.16&#8243; global_colors_info=&#8220;{}&#8220;][et_pb_image src=&#8220;https:\/\/juergenbubeck.de\/wp-content\/uploads\/2024\/05\/Mystik-Art-Walk-12.jpg&#8220; title_text=&#8220;Mystik-Art-Walk-12&#8243; align=&#8220;center&#8220; _builder_version=&#8220;4.20.0&#8243; global_colors_info=&#8220;{}&#8220;][\/et_pb_image][et_pb_text _builder_version=&#8220;4.16&#8243; global_colors_info=&#8220;{}&#8220;][\/et_pb_text][\/et_pb_column][\/et_pb_row][et_pb_row _builder_version=&#8220;4.16&#8243; global_colors_info=&#8220;{}&#8220;][et_pb_column type=&#8220;4_4&#8243; _builder_version=&#8220;4.16&#8243; global_colors_info=&#8220;{}&#8220;][et_pb_image src=&#8220;https:\/\/juergenbubeck.de\/wp-content\/uploads\/2024\/05\/Mystik-Art-Walk-13.jpg&#8220; title_text=&#8220;Mystik-Art-Walk-13&#8243; align=&#8220;center&#8220; _builder_version=&#8220;4.20.0&#8243; global_colors_info=&#8220;{}&#8220;][\/et_pb_image][et_pb_text _builder_version=&#8220;4.16&#8243; global_colors_info=&#8220;{}&#8220;][\/et_pb_text][\/et_pb_column][\/et_pb_row][et_pb_row _builder_version=&#8220;4.16&#8243; global_colors_info=&#8220;{}&#8220;][et_pb_column type=&#8220;4_4&#8243; _builder_version=&#8220;4.16&#8243; global_colors_info=&#8220;{}&#8220;][et_pb_image src=&#8220;https:\/\/juergenbubeck.de\/wp-content\/uploads\/2024\/05\/Mystik-Art-Walk-14.jpg&#8220; title_text=&#8220;Mystik-Art-Walk-14&#8243; align=&#8220;center&#8220; _builder_version=&#8220;4.20.0&#8243; global_colors_info=&#8220;{}&#8220;][\/et_pb_image][et_pb_text _builder_version=&#8220;4.16&#8243; global_colors_info=&#8220;{}&#8220;][\/et_pb_text][\/et_pb_column][\/et_pb_row][et_pb_row _builder_version=&#8220;4.16&#8243; global_colors_info=&#8220;{}&#8220;][et_pb_column type=&#8220;4_4&#8243; _builder_version=&#8220;4.16&#8243; global_colors_info=&#8220;{}&#8220;][et_pb_image src=&#8220;https:\/\/juergenbubeck.de\/wp-content\/uploads\/2024\/05\/Mystik-Art-Walk-15.jpg&#8220; title_text=&#8220;Mystik-Art-Walk-15&#8243; align=&#8220;center&#8220; _builder_version=&#8220;4.20.0&#8243; global_colors_info=&#8220;{}&#8220;][\/et_pb_image][et_pb_text _builder_version=&#8220;4.16&#8243; global_colors_info=&#8220;{}&#8220;][\/et_pb_text][\/et_pb_column][\/et_pb_row][et_pb_row _builder_version=&#8220;4.16&#8243; global_colors_info=&#8220;{}&#8220;][et_pb_column type=&#8220;4_4&#8243; _builder_version=&#8220;4.16&#8243; global_colors_info=&#8220;{}&#8220;][et_pb_image src=&#8220;https:\/\/juergenbubeck.de\/wp-content\/uploads\/2024\/05\/Mystik-Art-Walk-16.jpg&#8220; title_text=&#8220;Mystik-Art-Walk-16&#8243; align=&#8220;center&#8220; _builder_version=&#8220;4.20.0&#8243; global_colors_info=&#8220;{}&#8220;][\/et_pb_image][et_pb_text _builder_version=&#8220;4.16&#8243; global_colors_info=&#8220;{}&#8220;][\/et_pb_text][\/et_pb_column][\/et_pb_row][et_pb_row _builder_version=&#8220;4.16&#8243; global_colors_info=&#8220;{}&#8220;][et_pb_column type=&#8220;4_4&#8243; _builder_version=&#8220;4.16&#8243; global_colors_info=&#8220;{}&#8220;][et_pb_image src=&#8220;https:\/\/juergenbubeck.de\/wp-content\/uploads\/2024\/05\/Mystik-Art-Walk-17.jpg&#8220; title_text=&#8220;Mystik-Art-Walk-17&#8243; align=&#8220;center&#8220; _builder_version=&#8220;4.20.0&#8243; global_colors_info=&#8220;{}&#8220;][\/et_pb_image][et_pb_text _builder_version=&#8220;4.16&#8243; global_colors_info=&#8220;{}&#8220;][\/et_pb_text][\/et_pb_column][\/et_pb_row][et_pb_row _builder_version=&#8220;4.16&#8243; global_colors_info=&#8220;{}&#8220;][et_pb_column type=&#8220;4_4&#8243; _builder_version=&#8220;4.16&#8243; global_colors_info=&#8220;{}&#8220;][et_pb_image src=&#8220;https:\/\/juergenbubeck.de\/wp-content\/uploads\/2024\/05\/Mystik-Art-Walk-18.jpg&#8220; title_text=&#8220;Mystik-Art-Walk-18&#8243; align=&#8220;center&#8220; _builder_version=&#8220;4.20.0&#8243; global_colors_info=&#8220;{}&#8220;][\/et_pb_image][et_pb_text _builder_version=&#8220;4.16&#8243; global_colors_info=&#8220;{}&#8220;][\/et_pb_text][\/et_pb_column][\/et_pb_row][et_pb_row _builder_version=&#8220;4.16&#8243; global_colors_info=&#8220;{}&#8220;][et_pb_column type=&#8220;4_4&#8243; _builder_version=&#8220;4.16&#8243; global_colors_info=&#8220;{}&#8220;][et_pb_image src=&#8220;https:\/\/juergenbubeck.de\/wp-content\/uploads\/2024\/05\/Mystik-Art-Walk-19.jpg&#8220; title_text=&#8220;Mystik-Art-Walk-19&#8243; align=&#8220;center&#8220; _builder_version=&#8220;4.20.0&#8243; global_colors_info=&#8220;{}&#8220;][\/et_pb_image][et_pb_text _builder_version=&#8220;4.16&#8243; global_colors_info=&#8220;{}&#8220;][\/et_pb_text][\/et_pb_column][\/et_pb_row][et_pb_row _builder_version=&#8220;4.16&#8243; global_colors_info=&#8220;{}&#8220;][et_pb_column type=&#8220;4_4&#8243; _builder_version=&#8220;4.16&#8243; global_colors_info=&#8220;{}&#8220;][et_pb_image src=&#8220;https:\/\/juergenbubeck.de\/wp-content\/uploads\/2024\/05\/Mystik-Art-Walk-20.jpg&#8220; title_text=&#8220;Mystik-Art-Walk-20&#8243; align=&#8220;center&#8220; _builder_version=&#8220;4.20.0&#8243; global_colors_info=&#8220;{}&#8220;][\/et_pb_image][et_pb_text _builder_version=&#8220;4.16&#8243; global_colors_info=&#8220;{}&#8220;][\/et_pb_text][\/et_pb_column][\/et_pb_row][et_pb_row _builder_version=&#8220;4.16&#8243; global_colors_info=&#8220;{}&#8220;][et_pb_column type=&#8220;4_4&#8243; _builder_version=&#8220;4.16&#8243; global_colors_info=&#8220;{}&#8220;][et_pb_image src=&#8220;https:\/\/juergenbubeck.de\/wp-content\/uploads\/2024\/05\/Mystik-Art-Walk-21.jpg&#8220; title_text=&#8220;Mystik-Art-Walk-21&#8243; align=&#8220;center&#8220; _builder_version=&#8220;4.20.0&#8243; global_colors_info=&#8220;{}&#8220;][\/et_pb_image][et_pb_text _builder_version=&#8220;4.16&#8243; global_colors_info=&#8220;{}&#8220;][\/et_pb_text][\/et_pb_column][\/et_pb_row][et_pb_row _builder_version=&#8220;4.16&#8243; global_colors_info=&#8220;{}&#8220;][et_pb_column type=&#8220;4_4&#8243; _builder_version=&#8220;4.16&#8243; global_colors_info=&#8220;{}&#8220;][et_pb_image src=&#8220;https:\/\/juergenbubeck.de\/wp-content\/uploads\/2024\/05\/Mystik-Art-Walk-22.jpg&#8220; title_text=&#8220;Mystik-Art-Walk-22&#8243; align=&#8220;center&#8220; _builder_version=&#8220;4.20.0&#8243; global_colors_info=&#8220;{}&#8220;][\/et_pb_image][et_pb_text _builder_version=&#8220;4.16&#8243; global_colors_info=&#8220;{}&#8220;][\/et_pb_text][\/et_pb_column][\/et_pb_row][et_pb_row _builder_version=&#8220;4.16&#8243; global_colors_info=&#8220;{}&#8220;][et_pb_column type=&#8220;4_4&#8243; _builder_version=&#8220;4.16&#8243; global_colors_info=&#8220;{}&#8220;][et_pb_image src=&#8220;https:\/\/juergenbubeck.de\/wp-content\/uploads\/2024\/05\/Mystik-Art-Walk-23.jpg&#8220; title_text=&#8220;Mystik-Art-Walk-23&#8243; align=&#8220;center&#8220; _builder_version=&#8220;4.20.0&#8243; global_colors_info=&#8220;{}&#8220;][\/et_pb_image][et_pb_text _builder_version=&#8220;4.16&#8243; global_colors_info=&#8220;{}&#8220;][\/et_pb_text][\/et_pb_column][\/et_pb_row][et_pb_row _builder_version=&#8220;4.16&#8243; global_colors_info=&#8220;{}&#8220;][et_pb_column type=&#8220;4_4&#8243; _builder_version=&#8220;4.16&#8243; global_colors_info=&#8220;{}&#8220;][et_pb_image src=&#8220;https:\/\/juergenbubeck.de\/wp-content\/uploads\/2024\/05\/Mystik-Art-Walk-24.jpg&#8220; title_text=&#8220;Mystik-Art-Walk-24&#8243; align=&#8220;center&#8220; _builder_version=&#8220;4.20.0&#8243; global_colors_info=&#8220;{}&#8220;][\/et_pb_image][et_pb_text _builder_version=&#8220;4.19.0&#8243; text_text_color=&#8220;#686868&#8243; global_colors_info=&#8220;{}&#8220;][\/et_pb_text][et_pb_text _builder_version=&#8220;4.19.0&#8243; text_text_color=&#8220;#686868&#8243; global_colors_info=&#8220;{}&#8220;][\/et_pb_text][et_pb_text _builder_version=&#8220;4.16&#8243; global_colors_info=&#8220;{}&#8220;][\/et_pb_text][\/et_pb_column][\/et_pb_row][\/et_pb_section]<\/p>\n","protected":false},"excerpt":{"rendered":"<p>&nbsp; Kunst am Wegesrand &#8211; Horb am Neckar Im Rahmen des Kunst- und Performance-Projekts \u201eKunst am Wegesrand\u201c werden vom 30. April bis 15. September 2024 internationale K\u00fcnstler*innen wesentliche und pr\u00e4gende Orte im \u00f6ffentlichen Raum in Horb am Neckar bespielen. Die Performance-Beitr\u00e4ge greifen historische Ph\u00e4nomene der regionalen Hexenverfolgung auf und kn\u00fcpfen an Rituale und Braucht\u00fcmer mit [&hellip;]<\/p>\n","protected":false},"author":1,"featured_media":0,"parent":0,"menu_order":0,"comment_status":"closed","ping_status":"closed","template":"","meta":{"_et_pb_use_builder":"on","_et_pb_old_content":"","_et_gb_content_width":"","footnotes":""},"class_list":["post-1514","page","type-page","status-publish","hentry"],"_links":{"self":[{"href":"https:\/\/juergenbubeck.de\/index.php?rest_route=\/wp\/v2\/pages\/1514","targetHints":{"allow":["GET"]}}],"collection":[{"href":"https:\/\/juergenbubeck.de\/index.php?rest_route=\/wp\/v2\/pages"}],"about":[{"href":"https:\/\/juergenbubeck.de\/index.php?rest_route=\/wp\/v2\/types\/page"}],"author":[{"embeddable":true,"href":"https:\/\/juergenbubeck.de\/index.php?rest_route=\/wp\/v2\/users\/1"}],"replies":[{"embeddable":true,"href":"https:\/\/juergenbubeck.de\/index.php?rest_route=%2Fwp%2Fv2%2Fcomments&post=1514"}],"version-history":[{"count":7,"href":"https:\/\/juergenbubeck.de\/index.php?rest_route=\/wp\/v2\/pages\/1514\/revisions"}],"predecessor-version":[{"id":1535,"href":"https:\/\/juergenbubeck.de\/index.php?rest_route=\/wp\/v2\/pages\/1514\/revisions\/1535"}],"wp:attachment":[{"href":"https:\/\/juergenbubeck.de\/index.php?rest_route=%2Fwp%2Fv2%2Fmedia&parent=1514"}],"curies":[{"name":"wp","href":"https:\/\/api.w.org\/{rel}","templated":true}]}}