{"id":1460,"date":"2022-12-06T13:16:00","date_gmt":"2022-12-06T13:16:00","guid":{"rendered":"https:\/\/juergenbubeck.de\/?page_id=1460"},"modified":"2022-12-06T15:55:56","modified_gmt":"2022-12-06T15:55:56","slug":"solar-pavillon","status":"publish","type":"page","link":"https:\/\/juergenbubeck.de\/?page_id=1460","title":{"rendered":"Solar Pavillon"},"content":{"rendered":"<p>[et_pb_section fb_built=&#8220;1&#8243; _builder_version=&#8220;4.16&#8243; background_color=&#8220;#3f464d&#8220; global_colors_info=&#8220;{}&#8220;][et_pb_row _builder_version=&#8220;4.16&#8243; global_colors_info=&#8220;{}&#8220;][et_pb_column type=&#8220;4_4&#8243; _builder_version=&#8220;4.16&#8243; global_colors_info=&#8220;{}&#8220;][et_pb_image src=&#8220;https:\/\/juergenbubeck.de\/wp-content\/uploads\/2022\/12\/AboutTomorrow-01.jpg&#8220; title_text=&#8220;AboutTomorrow-01&#8243; align=&#8220;center&#8220; _builder_version=&#8220;4.19.0&#8243; global_colors_info=&#8220;{}&#8220;][\/et_pb_image][et_pb_text _builder_version=&#8220;4.19.0&#8243; text_text_color=&#8220;#a9a9ab&#8220; hover_enabled=&#8220;0&#8243; background_layout_tablet=&#8220;&#8220; background_layout_phone=&#8220;&#8220; background_layout_last_edited=&#8220;on|desktop&#8220; global_colors_info=&#8220;{}&#8220; sticky_enabled=&#8220;0&#8243;]<\/p>\n<p>&nbsp;<\/p>\n<h3><strong>Solar Pavillon &#8222;24 Hours Of Sun And Time&#8220;<\/strong><\/h3>\n<p><strong><\/strong><\/p>\n<p><strong><\/strong><\/p>\n<p><span><b>Ein Studierendenprojekt der Stadt Ostfildern \u2013 Kulturb\u00fcro \u2013 in Kollaboration mit der AA Visiting School der Staatlichen Akademie der Bildenden K\u00fcnste Stuttgart (ABK) im Rahmen des Festivals \u201e\u00dcBER:MORGEN\u201c der KulturRegion Stuttgart.<span class=\"Apple-converted-space\">\u00a0<\/span><\/b><\/span><\/p>\n<p><span><b><span class=\"Apple-converted-space\"><\/span><\/b><\/span><\/p>\n<p><span>Der hier beschriebene Solar-Pavillon mit der Funktionalit\u00e4t einer Sonnenuhr wurde f\u00fcr das Festival \u201e\u00dcber:Morgen\u201c der \u201eKulturRegion Stuttgart\u201c bei einem in zwei Arbeitsphasen gegliederten Prozess hergestellt.<span class=\"Apple-converted-space\">\u00a0<\/span><\/span><\/p>\n<p><span>Architektur-Studierende aus aller Welt haben bei einem Intensiv-Workshop Mitte Juli 2022 unter dem Motto \u201eAbout Tomorrow \u2013 Wie wollen wir in Zukunft leben\u201c Entw\u00fcrfe f\u00fcr einen Pavillon erstellt, der die Themen Energie, Nachhaltigkeit, technologische Transformation und gesellschaftlicher Zusammenhalt \u00e4sthetisch und funktional vermitteln soll. Der Workshop fand in Zusammenarbeit mit der AA Visiting School an der Staatlichen Akademie der Bildenden K\u00fcnste Stuttgart unter unter der Leitung von Prof.in Marianne M\u00fcller, Chrissie Muhr (AA VS \/ ABK) und Tobias Ruppert (Ostfildern) statt.<span class=\"Apple-converted-space\">\u00a0<\/span><\/span><\/p>\n<p><span>Zur Realisierung in der zweiten Phase des Projekts im September 2022 wurde aus den studentischen Ideenskizzen der Entwurf eines Pavillons der 21-j\u00e4hrigen t\u00fcrkischen Studentin Zeynep Ig\u0306men ausgew\u00e4hlt. Der Entwurf stellt eine begehbare Sonnenuhr dar. Er thematisiert das Potenzial der Nutzung der Sonnenenergie in Verbindung mit Aufenthaltsqualit\u00e4t und \u00e4sthetischer Klarheit.<span class=\"Apple-converted-space\">\u00a0<\/span><\/span><\/p>\n<p><span>F\u00fcr die technische, \u00e4sthetische und handwerkliche Umsetzung unter Leitung des Ostfilderner K\u00fcnstlers und Grafikers Tobias Ruppert wurden drei hoch motivierte Studierende der Staatlichen Akademie der Bildenden K\u00fcnste Stuttgart \u2013 Kevin Elifov, Fynnian Schmid und Ningning Wang \u2013 gewonnen, die in dreiw\u00f6chiger Arbeit den Pavillon sowie die Sitzgelegenheiten gestalteten. Auch Zeynep Ig\u0306men konnte zeitweise an der Bauphase teilnehmen. F\u00fcr die Umsetzung der Ideenskizze wurden teilweise Gebrauchtmaterialien aus zur\u00fcckgebauten fr\u00fcheren Kulturprojekten der Stadt sowie aus Best\u00e4nden des st\u00e4dtischen Bauhofes verwendet.<span class=\"Apple-converted-space\">\u00a0<\/span><\/span><\/p>\n<p><span style=\"color: #999999;\">\u00a0<\/span><\/p>\n<p>&nbsp;<\/p>\n<p>[\/et_pb_text][\/et_pb_column][\/et_pb_row][et_pb_row _builder_version=&#8220;4.16&#8243; global_colors_info=&#8220;{}&#8220;][et_pb_column type=&#8220;4_4&#8243; _builder_version=&#8220;4.16&#8243; global_colors_info=&#8220;{}&#8220;][et_pb_image src=&#8220;https:\/\/juergenbubeck.de\/wp-content\/uploads\/2022\/12\/AboutTomorrow-02.jpg&#8220; title_text=&#8220;AboutTomorrow-02&#8243; align=&#8220;center&#8220; _builder_version=&#8220;4.19.0&#8243; global_colors_info=&#8220;{}&#8220;][\/et_pb_image][et_pb_text _builder_version=&#8220;4.16&#8243; global_colors_info=&#8220;{}&#8220;][\/et_pb_text][\/et_pb_column][\/et_pb_row][et_pb_row _builder_version=&#8220;4.16&#8243; global_colors_info=&#8220;{}&#8220;][et_pb_column type=&#8220;4_4&#8243; _builder_version=&#8220;4.16&#8243; global_colors_info=&#8220;{}&#8220;][et_pb_image src=&#8220;https:\/\/juergenbubeck.de\/wp-content\/uploads\/2022\/12\/AboutTomorrow-03.jpg&#8220; title_text=&#8220;AboutTomorrow-03&#8243; align=&#8220;center&#8220; _builder_version=&#8220;4.19.0&#8243; global_colors_info=&#8220;{}&#8220;][\/et_pb_image][et_pb_text _builder_version=&#8220;4.16&#8243; global_colors_info=&#8220;{}&#8220;][\/et_pb_text][\/et_pb_column][\/et_pb_row][et_pb_row _builder_version=&#8220;4.16&#8243; global_colors_info=&#8220;{}&#8220;][et_pb_column type=&#8220;4_4&#8243; _builder_version=&#8220;4.16&#8243; global_colors_info=&#8220;{}&#8220;][et_pb_image src=&#8220;https:\/\/juergenbubeck.de\/wp-content\/uploads\/2022\/12\/AboutTomorrow-04.jpg&#8220; title_text=&#8220;AboutTomorrow-04&#8243; align=&#8220;center&#8220; _builder_version=&#8220;4.19.0&#8243; global_colors_info=&#8220;{}&#8220;][\/et_pb_image][et_pb_text _builder_version=&#8220;4.16&#8243; global_colors_info=&#8220;{}&#8220;][\/et_pb_text][\/et_pb_column][\/et_pb_row][et_pb_row _builder_version=&#8220;4.16&#8243; global_colors_info=&#8220;{}&#8220;][et_pb_column type=&#8220;4_4&#8243; _builder_version=&#8220;4.16&#8243; global_colors_info=&#8220;{}&#8220;][et_pb_image src=&#8220;https:\/\/juergenbubeck.de\/wp-content\/uploads\/2022\/12\/AboutTomorrow-05.jpg&#8220; title_text=&#8220;AboutTomorrow-05&#8243; align=&#8220;center&#8220; _builder_version=&#8220;4.19.0&#8243; global_colors_info=&#8220;{}&#8220;][\/et_pb_image][et_pb_text _builder_version=&#8220;4.16&#8243; global_colors_info=&#8220;{}&#8220;][\/et_pb_text][\/et_pb_column][\/et_pb_row][et_pb_row _builder_version=&#8220;4.16&#8243; global_colors_info=&#8220;{}&#8220;][et_pb_column type=&#8220;4_4&#8243; _builder_version=&#8220;4.16&#8243; global_colors_info=&#8220;{}&#8220;][et_pb_image src=&#8220;https:\/\/juergenbubeck.de\/wp-content\/uploads\/2022\/12\/AboutTomorrow-06.jpg&#8220; title_text=&#8220;AboutTomorrow-06&#8243; align=&#8220;center&#8220; _builder_version=&#8220;4.19.0&#8243; global_colors_info=&#8220;{}&#8220;][\/et_pb_image][et_pb_text _builder_version=&#8220;4.16&#8243; global_colors_info=&#8220;{}&#8220;][\/et_pb_text][\/et_pb_column][\/et_pb_row][et_pb_row _builder_version=&#8220;4.16&#8243; global_colors_info=&#8220;{}&#8220;][et_pb_column type=&#8220;4_4&#8243; _builder_version=&#8220;4.16&#8243; global_colors_info=&#8220;{}&#8220;][et_pb_image src=&#8220;https:\/\/juergenbubeck.de\/wp-content\/uploads\/2022\/12\/AboutTomorrow-07.jpg&#8220; title_text=&#8220;AboutTomorrow-07&#8243; align=&#8220;center&#8220; _builder_version=&#8220;4.19.0&#8243; global_colors_info=&#8220;{}&#8220;][\/et_pb_image][et_pb_text _builder_version=&#8220;4.16&#8243; global_colors_info=&#8220;{}&#8220;][\/et_pb_text][\/et_pb_column][\/et_pb_row][et_pb_row _builder_version=&#8220;4.16&#8243; global_colors_info=&#8220;{}&#8220;][et_pb_column type=&#8220;4_4&#8243; _builder_version=&#8220;4.16&#8243; global_colors_info=&#8220;{}&#8220;][et_pb_image src=&#8220;https:\/\/juergenbubeck.de\/wp-content\/uploads\/2022\/12\/AboutTomorrow-08.jpg&#8220; title_text=&#8220;AboutTomorrow-08&#8243; align=&#8220;center&#8220; _builder_version=&#8220;4.19.0&#8243; global_colors_info=&#8220;{}&#8220;][\/et_pb_image][et_pb_text _builder_version=&#8220;4.16&#8243; global_colors_info=&#8220;{}&#8220;][\/et_pb_text][\/et_pb_column][\/et_pb_row][et_pb_row _builder_version=&#8220;4.16&#8243; global_colors_info=&#8220;{}&#8220;][et_pb_column type=&#8220;4_4&#8243; _builder_version=&#8220;4.16&#8243; global_colors_info=&#8220;{}&#8220;][et_pb_image src=&#8220;https:\/\/juergenbubeck.de\/wp-content\/uploads\/2022\/12\/AboutTomorrow-09.jpg&#8220; title_text=&#8220;AboutTomorrow-09&#8243; align=&#8220;center&#8220; _builder_version=&#8220;4.19.0&#8243; global_colors_info=&#8220;{}&#8220;][\/et_pb_image][et_pb_text _builder_version=&#8220;4.16&#8243; global_colors_info=&#8220;{}&#8220;][\/et_pb_text][\/et_pb_column][\/et_pb_row][et_pb_row _builder_version=&#8220;4.16&#8243; global_colors_info=&#8220;{}&#8220;][et_pb_column type=&#8220;4_4&#8243; _builder_version=&#8220;4.16&#8243; global_colors_info=&#8220;{}&#8220;][et_pb_image src=&#8220;https:\/\/juergenbubeck.de\/wp-content\/uploads\/2022\/12\/AboutTomorrow-10.jpg&#8220; title_text=&#8220;AboutTomorrow-10&#8243; align=&#8220;center&#8220; _builder_version=&#8220;4.19.0&#8243; global_colors_info=&#8220;{}&#8220;][\/et_pb_image][et_pb_text _builder_version=&#8220;4.16&#8243; global_colors_info=&#8220;{}&#8220;][\/et_pb_text][\/et_pb_column][\/et_pb_row][et_pb_row _builder_version=&#8220;4.16&#8243; global_colors_info=&#8220;{}&#8220;][et_pb_column type=&#8220;4_4&#8243; _builder_version=&#8220;4.16&#8243; global_colors_info=&#8220;{}&#8220;][et_pb_image src=&#8220;https:\/\/juergenbubeck.de\/wp-content\/uploads\/2022\/12\/AboutTomorrow-11.jpg&#8220; title_text=&#8220;AboutTomorrow-11&#8243; align=&#8220;center&#8220; _builder_version=&#8220;4.19.0&#8243; global_colors_info=&#8220;{}&#8220;][\/et_pb_image][et_pb_text _builder_version=&#8220;4.16&#8243; global_colors_info=&#8220;{}&#8220;][\/et_pb_text][\/et_pb_column][\/et_pb_row][et_pb_row _builder_version=&#8220;4.16&#8243; global_colors_info=&#8220;{}&#8220;][et_pb_column type=&#8220;4_4&#8243; _builder_version=&#8220;4.16&#8243; global_colors_info=&#8220;{}&#8220;][et_pb_image src=&#8220;https:\/\/juergenbubeck.de\/wp-content\/uploads\/2022\/12\/AboutTomorrow-12.jpg&#8220; title_text=&#8220;AboutTomorrow-12&#8243; align=&#8220;center&#8220; _builder_version=&#8220;4.19.0&#8243; global_colors_info=&#8220;{}&#8220;][\/et_pb_image][et_pb_text _builder_version=&#8220;4.16&#8243; global_colors_info=&#8220;{}&#8220;][\/et_pb_text][\/et_pb_column][\/et_pb_row][et_pb_row _builder_version=&#8220;4.16&#8243; global_colors_info=&#8220;{}&#8220;][et_pb_column type=&#8220;4_4&#8243; _builder_version=&#8220;4.16&#8243; global_colors_info=&#8220;{}&#8220;][et_pb_image src=&#8220;https:\/\/juergenbubeck.de\/wp-content\/uploads\/2022\/12\/AboutTomorrow-13.jpg&#8220; title_text=&#8220;AboutTomorrow-13&#8243; align=&#8220;center&#8220; _builder_version=&#8220;4.19.0&#8243; global_colors_info=&#8220;{}&#8220;][\/et_pb_image][et_pb_text _builder_version=&#8220;4.16&#8243; global_colors_info=&#8220;{}&#8220;][\/et_pb_text][\/et_pb_column][\/et_pb_row][et_pb_row _builder_version=&#8220;4.16&#8243; global_colors_info=&#8220;{}&#8220;][et_pb_column type=&#8220;4_4&#8243; _builder_version=&#8220;4.16&#8243; global_colors_info=&#8220;{}&#8220;][et_pb_image src=&#8220;https:\/\/juergenbubeck.de\/wp-content\/uploads\/2022\/12\/AboutTomorrow-14.jpg&#8220; title_text=&#8220;AboutTomorrow-14&#8243; align=&#8220;center&#8220; _builder_version=&#8220;4.19.0&#8243; global_colors_info=&#8220;{}&#8220;][\/et_pb_image][et_pb_text _builder_version=&#8220;4.16&#8243; global_colors_info=&#8220;{}&#8220;][\/et_pb_text][\/et_pb_column][\/et_pb_row][et_pb_row _builder_version=&#8220;4.16&#8243; global_colors_info=&#8220;{}&#8220;][et_pb_column type=&#8220;4_4&#8243; _builder_version=&#8220;4.16&#8243; global_colors_info=&#8220;{}&#8220;][et_pb_image src=&#8220;https:\/\/juergenbubeck.de\/wp-content\/uploads\/2022\/12\/AboutTomorrow-15.jpg&#8220; title_text=&#8220;AboutTomorrow-15&#8243; align=&#8220;center&#8220; _builder_version=&#8220;4.19.0&#8243; global_colors_info=&#8220;{}&#8220;][\/et_pb_image][et_pb_text _builder_version=&#8220;4.16&#8243; global_colors_info=&#8220;{}&#8220;][\/et_pb_text][\/et_pb_column][\/et_pb_row][et_pb_row _builder_version=&#8220;4.16&#8243; global_colors_info=&#8220;{}&#8220;][et_pb_column type=&#8220;4_4&#8243; _builder_version=&#8220;4.16&#8243; global_colors_info=&#8220;{}&#8220;][et_pb_image src=&#8220;https:\/\/juergenbubeck.de\/wp-content\/uploads\/2022\/12\/AboutTomorrow-16.jpg&#8220; title_text=&#8220;AboutTomorrow-16&#8243; align=&#8220;center&#8220; _builder_version=&#8220;4.19.0&#8243; global_colors_info=&#8220;{}&#8220;][\/et_pb_image][et_pb_text _builder_version=&#8220;4.16&#8243; global_colors_info=&#8220;{}&#8220;][\/et_pb_text][\/et_pb_column][\/et_pb_row][et_pb_row _builder_version=&#8220;4.16&#8243; global_colors_info=&#8220;{}&#8220;][et_pb_column type=&#8220;4_4&#8243; _builder_version=&#8220;4.16&#8243; global_colors_info=&#8220;{}&#8220;][et_pb_image src=&#8220;https:\/\/juergenbubeck.de\/wp-content\/uploads\/2022\/12\/AboutTomorrow-17.jpg&#8220; title_text=&#8220;AboutTomorrow-17&#8243; align=&#8220;center&#8220; _builder_version=&#8220;4.19.0&#8243; global_colors_info=&#8220;{}&#8220;][\/et_pb_image][et_pb_text _builder_version=&#8220;4.16&#8243; global_colors_info=&#8220;{}&#8220;][\/et_pb_text][\/et_pb_column][\/et_pb_row][et_pb_row _builder_version=&#8220;4.16&#8243; global_colors_info=&#8220;{}&#8220;][et_pb_column type=&#8220;4_4&#8243; _builder_version=&#8220;4.16&#8243; global_colors_info=&#8220;{}&#8220;][et_pb_image src=&#8220;https:\/\/juergenbubeck.de\/wp-content\/uploads\/2022\/12\/AboutTomorrow-18.jpg&#8220; title_text=&#8220;AboutTomorrow-18&#8243; align=&#8220;center&#8220; _builder_version=&#8220;4.19.0&#8243; global_colors_info=&#8220;{}&#8220;][\/et_pb_image][et_pb_text _builder_version=&#8220;4.16&#8243; global_colors_info=&#8220;{}&#8220;][\/et_pb_text][\/et_pb_column][\/et_pb_row][et_pb_row _builder_version=&#8220;4.16&#8243; global_colors_info=&#8220;{}&#8220;][et_pb_column type=&#8220;4_4&#8243; _builder_version=&#8220;4.16&#8243; global_colors_info=&#8220;{}&#8220;][et_pb_image src=&#8220;https:\/\/juergenbubeck.de\/wp-content\/uploads\/2022\/12\/AboutTomorrow-19.jpg&#8220; title_text=&#8220;AboutTomorrow-19&#8243; align=&#8220;center&#8220; _builder_version=&#8220;4.19.0&#8243; global_colors_info=&#8220;{}&#8220;][\/et_pb_image][et_pb_text _builder_version=&#8220;4.16&#8243; global_colors_info=&#8220;{}&#8220;][\/et_pb_text][\/et_pb_column][\/et_pb_row][et_pb_row _builder_version=&#8220;4.16&#8243; global_colors_info=&#8220;{}&#8220;][et_pb_column type=&#8220;4_4&#8243; _builder_version=&#8220;4.16&#8243; global_colors_info=&#8220;{}&#8220;][et_pb_image src=&#8220;https:\/\/juergenbubeck.de\/wp-content\/uploads\/2022\/12\/AboutTomorrow-20.jpg&#8220; title_text=&#8220;AboutTomorrow-20&#8243; align=&#8220;center&#8220; _builder_version=&#8220;4.19.0&#8243; global_colors_info=&#8220;{}&#8220;][\/et_pb_image][et_pb_text _builder_version=&#8220;4.16&#8243; global_colors_info=&#8220;{}&#8220;][\/et_pb_text][\/et_pb_column][\/et_pb_row][et_pb_row _builder_version=&#8220;4.16&#8243; global_colors_info=&#8220;{}&#8220;][et_pb_column type=&#8220;4_4&#8243; _builder_version=&#8220;4.16&#8243; global_colors_info=&#8220;{}&#8220;][et_pb_image src=&#8220;https:\/\/juergenbubeck.de\/wp-content\/uploads\/2022\/12\/AboutTomorrow-21.jpg&#8220; title_text=&#8220;AboutTomorrow-21&#8243; align=&#8220;center&#8220; _builder_version=&#8220;4.19.0&#8243; global_colors_info=&#8220;{}&#8220;][\/et_pb_image][et_pb_text _builder_version=&#8220;4.16&#8243; global_colors_info=&#8220;{}&#8220;][\/et_pb_text][\/et_pb_column][\/et_pb_row][et_pb_row _builder_version=&#8220;4.16&#8243; global_colors_info=&#8220;{}&#8220;][et_pb_column type=&#8220;4_4&#8243; _builder_version=&#8220;4.16&#8243; global_colors_info=&#8220;{}&#8220;][et_pb_image src=&#8220;https:\/\/juergenbubeck.de\/wp-content\/uploads\/2022\/12\/AboutTomorrow-22.jpg&#8220; title_text=&#8220;AboutTomorrow-22&#8243; align=&#8220;center&#8220; _builder_version=&#8220;4.19.0&#8243; global_colors_info=&#8220;{}&#8220;][\/et_pb_image][et_pb_text _builder_version=&#8220;4.16&#8243; global_colors_info=&#8220;{}&#8220;][\/et_pb_text][\/et_pb_column][\/et_pb_row][et_pb_row _builder_version=&#8220;4.16&#8243; global_colors_info=&#8220;{}&#8220;][et_pb_column type=&#8220;4_4&#8243; _builder_version=&#8220;4.16&#8243; global_colors_info=&#8220;{}&#8220;][et_pb_image src=&#8220;https:\/\/juergenbubeck.de\/wp-content\/uploads\/2022\/12\/AboutTomorrow-23.jpg&#8220; title_text=&#8220;AboutTomorrow-23&#8243; align=&#8220;center&#8220; _builder_version=&#8220;4.19.0&#8243; global_colors_info=&#8220;{}&#8220;][\/et_pb_image][et_pb_text _builder_version=&#8220;4.16&#8243; global_colors_info=&#8220;{}&#8220;][\/et_pb_text][\/et_pb_column][\/et_pb_row][et_pb_row _builder_version=&#8220;4.16&#8243; global_colors_info=&#8220;{}&#8220;][et_pb_column type=&#8220;4_4&#8243; _builder_version=&#8220;4.16&#8243; global_colors_info=&#8220;{}&#8220;][et_pb_image src=&#8220;https:\/\/juergenbubeck.de\/wp-content\/uploads\/2022\/12\/AboutTomorrow-24.jpg&#8220; title_text=&#8220;AboutTomorrow-24&#8243; align=&#8220;center&#8220; _builder_version=&#8220;4.19.0&#8243; global_colors_info=&#8220;{}&#8220;][\/et_pb_image][et_pb_text _builder_version=&#8220;4.16&#8243; global_colors_info=&#8220;{}&#8220;][\/et_pb_text][\/et_pb_column][\/et_pb_row][et_pb_row _builder_version=&#8220;4.16&#8243; global_colors_info=&#8220;{}&#8220;][et_pb_column type=&#8220;4_4&#8243; _builder_version=&#8220;4.16&#8243; global_colors_info=&#8220;{}&#8220;][et_pb_image src=&#8220;https:\/\/juergenbubeck.de\/wp-content\/uploads\/2022\/12\/AboutTomorrow-25.jpg&#8220; title_text=&#8220;AboutTomorrow-25&#8243; align=&#8220;center&#8220; _builder_version=&#8220;4.19.0&#8243; global_colors_info=&#8220;{}&#8220;][\/et_pb_image][et_pb_text _builder_version=&#8220;4.19.0&#8243; text_text_color=&#8220;#686868&#8243; global_colors_info=&#8220;{}&#8220;][\/et_pb_text][et_pb_text _builder_version=&#8220;4.19.0&#8243; text_text_color=&#8220;#686868&#8243; global_colors_info=&#8220;{}&#8220;][\/et_pb_text][et_pb_text _builder_version=&#8220;4.16&#8243; global_colors_info=&#8220;{}&#8220;][\/et_pb_text][\/et_pb_column][\/et_pb_row][\/et_pb_section]<\/p>\n","protected":false},"excerpt":{"rendered":"<p>&nbsp; Solar Pavillon &#8222;24 Hours Of Sun And Time&#8220; Ein Studierendenprojekt der Stadt Ostfildern \u2013 Kulturb\u00fcro \u2013 in Kollaboration mit der AA Visiting School der Staatlichen Akademie der Bildenden K\u00fcnste Stuttgart (ABK) im Rahmen des Festivals \u201e\u00dcBER:MORGEN\u201c der KulturRegion Stuttgart.\u00a0 Der hier beschriebene Solar-Pavillon mit der Funktionalit\u00e4t einer Sonnenuhr wurde f\u00fcr das Festival \u201e\u00dcber:Morgen\u201c der [&hellip;]<\/p>\n","protected":false},"author":1,"featured_media":0,"parent":0,"menu_order":0,"comment_status":"closed","ping_status":"closed","template":"","meta":{"_et_pb_use_builder":"on","_et_pb_old_content":"","_et_gb_content_width":"","footnotes":""},"class_list":["post-1460","page","type-page","status-publish","hentry"],"_links":{"self":[{"href":"https:\/\/juergenbubeck.de\/index.php?rest_route=\/wp\/v2\/pages\/1460","targetHints":{"allow":["GET"]}}],"collection":[{"href":"https:\/\/juergenbubeck.de\/index.php?rest_route=\/wp\/v2\/pages"}],"about":[{"href":"https:\/\/juergenbubeck.de\/index.php?rest_route=\/wp\/v2\/types\/page"}],"author":[{"embeddable":true,"href":"https:\/\/juergenbubeck.de\/index.php?rest_route=\/wp\/v2\/users\/1"}],"replies":[{"embeddable":true,"href":"https:\/\/juergenbubeck.de\/index.php?rest_route=%2Fwp%2Fv2%2Fcomments&post=1460"}],"version-history":[{"count":7,"href":"https:\/\/juergenbubeck.de\/index.php?rest_route=\/wp\/v2\/pages\/1460\/revisions"}],"predecessor-version":[{"id":1479,"href":"https:\/\/juergenbubeck.de\/index.php?rest_route=\/wp\/v2\/pages\/1460\/revisions\/1479"}],"wp:attachment":[{"href":"https:\/\/juergenbubeck.de\/index.php?rest_route=%2Fwp%2Fv2%2Fmedia&parent=1460"}],"curies":[{"name":"wp","href":"https:\/\/api.w.org\/{rel}","templated":true}]}}