{"id":1378,"date":"2022-06-26T17:13:19","date_gmt":"2022-06-26T17:13:19","guid":{"rendered":"https:\/\/juergenbubeck.de\/?page_id=1378"},"modified":"2022-06-27T09:28:58","modified_gmt":"2022-06-27T09:28:58","slug":"duerres-land","status":"publish","type":"page","link":"https:\/\/juergenbubeck.de\/?page_id=1378","title":{"rendered":"D\u00fcrres Land"},"content":{"rendered":"<p>[et_pb_section fb_built=&#8220;1&#8243; _builder_version=&#8220;4.4.4&#8243; background_color=&#8220;#3f464d&#8220; global_colors_info=&#8220;{}&#8220;][et_pb_row _builder_version=&#8220;4.4.4&#8243; global_colors_info=&#8220;{}&#8220;][et_pb_column type=&#8220;4_4&#8243; _builder_version=&#8220;4.4.4&#8243; global_colors_info=&#8220;{}&#8220;][et_pb_image src=&#8220;https:\/\/juergenbubeck.de\/wp-content\/uploads\/2022\/06\/DuerresLand4204.jpg&#8220; title_text=&#8220;DuerresLand#4204&#8243; align=&#8220;center&#8220; _builder_version=&#8220;4.14.6&#8243; global_colors_info=&#8220;{}&#8220;][\/et_pb_image][et_pb_text _builder_version=&#8220;4.14.6&#8243; text_text_color=&#8220;#686868&#8243; global_colors_info=&#8220;{}&#8220;]<\/p>\n<p style=\"text-align: center;\"><span>D\u00fcrres Land #4204<\/span><\/p>\n<p>[\/et_pb_text][et_pb_text _builder_version=&#8220;4.14.6&#8243; text_text_color=&#8220;#a9a9ab&#8220; hover_enabled=&#8220;0&#8243; background_layout_tablet=&#8220;&#8220; background_layout_phone=&#8220;&#8220; background_layout_last_edited=&#8220;on|desktop&#8220; global_colors_info=&#8220;{}&#8220; sticky_enabled=&#8220;0&#8243;]<\/p>\n<p>&nbsp;<\/p>\n<p><strong>Prozesse des Verschwindens &#8211; \u201eD\u00fcrres Land\u201c<\/strong><\/p>\n<p><span style=\"color: #999999;\">\u00a0<\/span><\/p>\n<p>Die Motive von \u201eD\u00fcrres Land\u201c erz\u00e4hlen vom Vergehen, vom Verschwinden der Normalit\u00e4t. Aus verdorrten Pflanzen-Fragmenten und Details des biologischen Zerfalls entstehen neue Formen und Zusammenstellungen. Der b\u00fchnenhafte Aufbau der Elemente macht den Prozess der Ver\u00e4nderung sichtbar &#8211; besonders, wenn man sich bei der Betrachtung in die Einzelheiten der Motive versenkt.<span class=\"Apple-converted-space\">\u00a0<\/span><\/p>\n<p>Die visuellen Inszenierungen stellen neue Szenerien dar. Sie gleichen einem optischen Kammerspiel &#8211; in Wirklichkeit findet man \u201eD\u00fcrres Land\u201c in allen Teilen der Welt\u2026<\/p>\n<p><span class=\"Apple-converted-space\" style=\"color: #999999;\"><\/span><\/p>\n<p><span style=\"color: #999999;\">Das Projekt wurde gef\u00f6rdert durch ein Stipendium des Ministeriums f\u00fcr Wissenschaft, Forschung und Kunst Baden-W\u00fcrttemberg<\/span><\/p>\n<p><span style=\"color: #999999;\">\u00a0<\/span><\/p>\n<p>&nbsp;<\/p>\n<p>[\/et_pb_text][et_pb_text _builder_version=&#8220;4.4.4&#8243; global_colors_info=&#8220;{}&#8220;][\/et_pb_text][\/et_pb_column][\/et_pb_row][et_pb_row _builder_version=&#8220;4.4.4&#8243; global_colors_info=&#8220;{}&#8220;][et_pb_column type=&#8220;4_4&#8243; _builder_version=&#8220;4.4.4&#8243; global_colors_info=&#8220;{}&#8220;][et_pb_image src=&#8220;https:\/\/juergenbubeck.de\/wp-content\/uploads\/2022\/06\/DuerresLand4205.jpg&#8220; title_text=&#8220;DuerresLand#4205&#8243; align=&#8220;center&#8220; _builder_version=&#8220;4.14.6&#8243; global_colors_info=&#8220;{}&#8220;][\/et_pb_image][et_pb_text _builder_version=&#8220;4.14.6&#8243; text_font=&#8220;||||||||&#8220; text_text_color=&#8220;#686868&#8243; global_colors_info=&#8220;{}&#8220;]<\/p>\n<p style=\"text-align: center;\"><span>D\u00fcrres Land #4205<\/span><\/p>\n<p>[\/et_pb_text][et_pb_text _builder_version=&#8220;4.4.4&#8243; global_colors_info=&#8220;{}&#8220;][\/et_pb_text][\/et_pb_column][\/et_pb_row][et_pb_row _builder_version=&#8220;4.4.4&#8243; global_colors_info=&#8220;{}&#8220;][et_pb_column type=&#8220;4_4&#8243; _builder_version=&#8220;4.4.4&#8243; global_colors_info=&#8220;{}&#8220;][et_pb_image src=&#8220;https:\/\/juergenbubeck.de\/wp-content\/uploads\/2022\/06\/DuerresLand4206.jpg&#8220; title_text=&#8220;DuerresLand#4206&#8243; align=&#8220;center&#8220; _builder_version=&#8220;4.14.6&#8243; global_colors_info=&#8220;{}&#8220;][\/et_pb_image][et_pb_text _builder_version=&#8220;4.14.6&#8243; text_text_color=&#8220;#686868&#8243; global_colors_info=&#8220;{}&#8220;]<\/p>\n<p style=\"text-align: center;\"><span>D\u00fcrres Land #4206<\/span><\/p>\n<p>[\/et_pb_text][et_pb_text _builder_version=&#8220;4.4.4&#8243; global_colors_info=&#8220;{}&#8220;][\/et_pb_text][\/et_pb_column][\/et_pb_row][et_pb_row _builder_version=&#8220;4.4.4&#8243; global_colors_info=&#8220;{}&#8220;][et_pb_column type=&#8220;4_4&#8243; _builder_version=&#8220;4.4.4&#8243; global_colors_info=&#8220;{}&#8220;][et_pb_image src=&#8220;https:\/\/juergenbubeck.de\/wp-content\/uploads\/2022\/06\/DuerresLand4207.jpg&#8220; title_text=&#8220;DuerresLand#4207&#8243; align=&#8220;center&#8220; _builder_version=&#8220;4.14.6&#8243; global_colors_info=&#8220;{}&#8220;][\/et_pb_image][et_pb_text _builder_version=&#8220;4.14.6&#8243; text_text_color=&#8220;#686868&#8243; global_colors_info=&#8220;{}&#8220;]<\/p>\n<p style=\"text-align: center;\"><span>D\u00fcrres Land #4207<\/span><\/p>\n<p>[\/et_pb_text][et_pb_text _builder_version=&#8220;4.4.4&#8243; global_colors_info=&#8220;{}&#8220;][\/et_pb_text][\/et_pb_column][\/et_pb_row][et_pb_row _builder_version=&#8220;4.4.4&#8243; global_colors_info=&#8220;{}&#8220;][et_pb_column type=&#8220;4_4&#8243; _builder_version=&#8220;4.4.4&#8243; global_colors_info=&#8220;{}&#8220;][et_pb_image src=&#8220;https:\/\/juergenbubeck.de\/wp-content\/uploads\/2022\/06\/DuerresLand4208.jpg&#8220; title_text=&#8220;DuerresLand#4208&#8243; align=&#8220;center&#8220; _builder_version=&#8220;4.14.6&#8243; global_colors_info=&#8220;{}&#8220;][\/et_pb_image][et_pb_text _builder_version=&#8220;4.14.6&#8243; text_text_color=&#8220;#686868&#8243; global_colors_info=&#8220;{}&#8220;]<\/p>\n<p style=\"text-align: center;\"><span>D\u00fcrres Land #4208<\/span><\/p>\n<p>[\/et_pb_text][et_pb_text _builder_version=&#8220;4.4.4&#8243; global_colors_info=&#8220;{}&#8220;][\/et_pb_text][\/et_pb_column][\/et_pb_row][et_pb_row _builder_version=&#8220;4.4.4&#8243; global_colors_info=&#8220;{}&#8220;][et_pb_column type=&#8220;4_4&#8243; _builder_version=&#8220;4.4.4&#8243; global_colors_info=&#8220;{}&#8220;][et_pb_image src=&#8220;https:\/\/juergenbubeck.de\/wp-content\/uploads\/2022\/06\/DuerresLand4209.jpg&#8220; title_text=&#8220;DuerresLand#4209&#8243; align=&#8220;center&#8220; _builder_version=&#8220;4.14.6&#8243; global_colors_info=&#8220;{}&#8220;][\/et_pb_image][et_pb_text _builder_version=&#8220;4.14.6&#8243; text_text_color=&#8220;#686868&#8243; global_colors_info=&#8220;{}&#8220;]<\/p>\n<p style=\"text-align: center;\"><span>D\u00fcrres Land #4209<\/span><\/p>\n<p>[\/et_pb_text][et_pb_text _builder_version=&#8220;4.4.4&#8243; global_colors_info=&#8220;{}&#8220;][\/et_pb_text][\/et_pb_column][\/et_pb_row][et_pb_row _builder_version=&#8220;4.4.4&#8243; global_colors_info=&#8220;{}&#8220;][et_pb_column type=&#8220;4_4&#8243; _builder_version=&#8220;4.4.4&#8243; global_colors_info=&#8220;{}&#8220;][et_pb_image src=&#8220;https:\/\/juergenbubeck.de\/wp-content\/uploads\/2022\/06\/DuerresLand4210.jpg&#8220; title_text=&#8220;DuerresLand#4210&#8243; align=&#8220;center&#8220; _builder_version=&#8220;4.14.6&#8243; global_colors_info=&#8220;{}&#8220;][\/et_pb_image][et_pb_text _builder_version=&#8220;4.14.6&#8243; text_text_color=&#8220;#686868&#8243; global_colors_info=&#8220;{}&#8220;]<\/p>\n<p style=\"text-align: center;\"><span>D\u00fcrres Land #4210<\/span><\/p>\n<p>[\/et_pb_text][et_pb_text _builder_version=&#8220;4.4.4&#8243; global_colors_info=&#8220;{}&#8220;][\/et_pb_text][\/et_pb_column][\/et_pb_row][et_pb_row _builder_version=&#8220;4.4.4&#8243; global_colors_info=&#8220;{}&#8220;][et_pb_column type=&#8220;4_4&#8243; _builder_version=&#8220;4.4.4&#8243; global_colors_info=&#8220;{}&#8220;][et_pb_image src=&#8220;https:\/\/juergenbubeck.de\/wp-content\/uploads\/2022\/06\/DuerresLand4211.jpg&#8220; title_text=&#8220;DuerresLand#4211&#8243; align=&#8220;center&#8220; _builder_version=&#8220;4.14.6&#8243; global_colors_info=&#8220;{}&#8220;][\/et_pb_image][et_pb_text _builder_version=&#8220;4.14.6&#8243; text_text_color=&#8220;#686868&#8243; global_colors_info=&#8220;{}&#8220;]<\/p>\n<p style=\"text-align: center;\"><span>D\u00fcrres Land #4211<\/span><\/p>\n<p>[\/et_pb_text][et_pb_text _builder_version=&#8220;4.4.4&#8243; global_colors_info=&#8220;{}&#8220;][\/et_pb_text][\/et_pb_column][\/et_pb_row][\/et_pb_section]<\/p>\n","protected":false},"excerpt":{"rendered":"<p>D\u00fcrres Land #4204&nbsp; Prozesse des Verschwindens &#8211; \u201eD\u00fcrres Land\u201c \u00a0 Die Motive von \u201eD\u00fcrres Land\u201c erz\u00e4hlen vom Vergehen, vom Verschwinden der Normalit\u00e4t. Aus verdorrten Pflanzen-Fragmenten und Details des biologischen Zerfalls entstehen neue Formen und Zusammenstellungen. Der b\u00fchnenhafte Aufbau der Elemente macht den Prozess der Ver\u00e4nderung sichtbar &#8211; besonders, wenn man sich bei der Betrachtung in [&hellip;]<\/p>\n","protected":false},"author":1,"featured_media":0,"parent":0,"menu_order":0,"comment_status":"closed","ping_status":"closed","template":"","meta":{"_et_pb_use_builder":"on","_et_pb_old_content":"","_et_gb_content_width":"","footnotes":""},"class_list":["post-1378","page","type-page","status-publish","hentry"],"_links":{"self":[{"href":"https:\/\/juergenbubeck.de\/index.php?rest_route=\/wp\/v2\/pages\/1378","targetHints":{"allow":["GET"]}}],"collection":[{"href":"https:\/\/juergenbubeck.de\/index.php?rest_route=\/wp\/v2\/pages"}],"about":[{"href":"https:\/\/juergenbubeck.de\/index.php?rest_route=\/wp\/v2\/types\/page"}],"author":[{"embeddable":true,"href":"https:\/\/juergenbubeck.de\/index.php?rest_route=\/wp\/v2\/users\/1"}],"replies":[{"embeddable":true,"href":"https:\/\/juergenbubeck.de\/index.php?rest_route=%2Fwp%2Fv2%2Fcomments&post=1378"}],"version-history":[{"count":9,"href":"https:\/\/juergenbubeck.de\/index.php?rest_route=\/wp\/v2\/pages\/1378\/revisions"}],"predecessor-version":[{"id":1406,"href":"https:\/\/juergenbubeck.de\/index.php?rest_route=\/wp\/v2\/pages\/1378\/revisions\/1406"}],"wp:attachment":[{"href":"https:\/\/juergenbubeck.de\/index.php?rest_route=%2Fwp%2Fv2%2Fmedia&parent=1378"}],"curies":[{"name":"wp","href":"https:\/\/api.w.org\/{rel}","templated":true}]}}