{"id":1306,"date":"2022-03-17T09:57:22","date_gmt":"2022-03-17T09:57:22","guid":{"rendered":"https:\/\/juergenbubeck.de\/?page_id=1306"},"modified":"2022-03-17T14:25:25","modified_gmt":"2022-03-17T14:25:25","slug":"moornacht-2","status":"publish","type":"page","link":"https:\/\/juergenbubeck.de\/?page_id=1306","title":{"rendered":"MoorNacht"},"content":{"rendered":"<p>[et_pb_section fb_built=&#8220;1&#8243; _builder_version=&#8220;4.4.4&#8243; background_color=&#8220;#3f464d&#8220; global_colors_info=&#8220;{}&#8220;][et_pb_row _builder_version=&#8220;4.4.4&#8243; global_colors_info=&#8220;{}&#8220;][et_pb_column type=&#8220;4_4&#8243; _builder_version=&#8220;4.4.4&#8243; global_colors_info=&#8220;{}&#8220;][et_pb_image src=&#8220;https:\/\/juergenbubeck.de\/wp-content\/uploads\/2022\/03\/MoorNacht3078.jpg&#8220; title_text=&#8220;MoorNacht#3078&#8243; align=&#8220;center&#8220; _builder_version=&#8220;4.14.6&#8243; global_colors_info=&#8220;{}&#8220;][\/et_pb_image][et_pb_text _builder_version=&#8220;4.14.6&#8243; text_text_color=&#8220;#686868&#8243; global_colors_info=&#8220;{}&#8220;]<\/p>\n<p style=\"text-align: center;\"><span>MoorNacht #3078<\/span><\/p>\n<p>[\/et_pb_text][et_pb_text _builder_version=&#8220;4.14.6&#8243; text_text_color=&#8220;#a9a9ab&#8220; background_layout=&#8220;dark&#8220; hover_enabled=&#8220;0&#8243; global_colors_info=&#8220;{}&#8220; sticky_enabled=&#8220;0&#8243;]<\/p>\n<p style=\"text-align: left;\">MoorNacht<\/p>\n<p>Ein pl\u00f6tzlicher Platscher zerrei\u00dft die Stille in der Dunkelheit und l\u00e4sst mich zusammenzucken!<span class=\"Apple-converted-space\">\u00a0<\/span>Ach ja, der Biber\u2026\u2026Meine n\u00e4chtlichen Betrachtungen k\u00f6nnen weitergehen. Ich stehe mit Kamera und Stativ<span class=\"Apple-converted-space\">\u00a0<\/span>im Wurzacher Ried, eines der bedeutendsten Moorgebiete S\u00fcddeutschlands. Renaturierungen und Vern\u00e4ssungsma\u00dfnahmen haben das Moor gesichert, der seit ca. 2000 wieder dort ans\u00e4ssige Biber sorgt mit \u00fcber 80 D\u00e4mmen und etwa 20 Biberburgen f\u00fcr weitere landschaftsgestalterische Ma\u00dfnahmen. Folgt meinen n\u00e4chtlichen und zeitlosen Ansichten!<\/p>\n<p>[\/et_pb_text][et_pb_text _builder_version=&#8220;4.4.4&#8243; global_colors_info=&#8220;{}&#8220;][\/et_pb_text][et_pb_text _builder_version=&#8220;4.4.4&#8243; global_colors_info=&#8220;{}&#8220;][\/et_pb_text][\/et_pb_column][\/et_pb_row][et_pb_row _builder_version=&#8220;4.4.4&#8243; global_colors_info=&#8220;{}&#8220;][et_pb_column type=&#8220;4_4&#8243; _builder_version=&#8220;4.4.4&#8243; global_colors_info=&#8220;{}&#8220;][et_pb_image src=&#8220;https:\/\/juergenbubeck.de\/wp-content\/uploads\/2022\/03\/MoorNacht3079.jpg&#8220; title_text=&#8220;MoorNacht#3079&#8243; align=&#8220;center&#8220; _builder_version=&#8220;4.14.6&#8243; global_colors_info=&#8220;{}&#8220;][\/et_pb_image][et_pb_text _builder_version=&#8220;4.14.6&#8243; text_text_color=&#8220;#686868&#8243; global_colors_info=&#8220;{}&#8220;]<\/p>\n<p style=\"text-align: center;\"><span>MoorNacht #3079<\/span><\/p>\n<p>[\/et_pb_text][et_pb_text _builder_version=&#8220;4.4.4&#8243; global_colors_info=&#8220;{}&#8220;][\/et_pb_text][et_pb_text _builder_version=&#8220;4.4.4&#8243; global_colors_info=&#8220;{}&#8220;][\/et_pb_text][\/et_pb_column][\/et_pb_row][et_pb_row _builder_version=&#8220;4.4.4&#8243; global_colors_info=&#8220;{}&#8220;][et_pb_column type=&#8220;4_4&#8243; _builder_version=&#8220;4.4.4&#8243; global_colors_info=&#8220;{}&#8220;][et_pb_image src=&#8220;https:\/\/juergenbubeck.de\/wp-content\/uploads\/2022\/03\/MoorNacht3080.jpg&#8220; title_text=&#8220;MoorNacht#3080&#8243; align=&#8220;center&#8220; _builder_version=&#8220;4.14.6&#8243; global_colors_info=&#8220;{}&#8220;][\/et_pb_image][et_pb_text _builder_version=&#8220;4.14.6&#8243; text_text_color=&#8220;#686868&#8243; global_colors_info=&#8220;{}&#8220;]<\/p>\n<p style=\"text-align: center;\"><span>MoorNacht #3080<\/span><\/p>\n<p>[\/et_pb_text][et_pb_text _builder_version=&#8220;4.4.4&#8243; global_colors_info=&#8220;{}&#8220;][\/et_pb_text][et_pb_text _builder_version=&#8220;4.4.4&#8243; global_colors_info=&#8220;{}&#8220;][\/et_pb_text][\/et_pb_column][\/et_pb_row][et_pb_row _builder_version=&#8220;4.4.4&#8243; global_colors_info=&#8220;{}&#8220;][et_pb_column type=&#8220;4_4&#8243; _builder_version=&#8220;4.4.4&#8243; global_colors_info=&#8220;{}&#8220;][et_pb_image src=&#8220;https:\/\/juergenbubeck.de\/wp-content\/uploads\/2022\/03\/MoorNacht3081.jpg&#8220; title_text=&#8220;MoorNacht#3081&#8243; align=&#8220;center&#8220; _builder_version=&#8220;4.14.6&#8243; global_colors_info=&#8220;{}&#8220;][\/et_pb_image][et_pb_text _builder_version=&#8220;4.14.6&#8243; text_text_color=&#8220;#686868&#8243; global_colors_info=&#8220;{}&#8220;]<\/p>\n<p style=\"text-align: center;\"><span>MoorNacht #3081<\/span><\/p>\n<p>[\/et_pb_text][et_pb_text _builder_version=&#8220;4.4.4&#8243; global_colors_info=&#8220;{}&#8220;][\/et_pb_text][et_pb_text _builder_version=&#8220;4.4.4&#8243; global_colors_info=&#8220;{}&#8220;][\/et_pb_text][\/et_pb_column][\/et_pb_row][et_pb_row admin_label=&#8220;Zeile&#8220; _builder_version=&#8220;4.4.6&#8243; global_colors_info=&#8220;{}&#8220;][et_pb_column type=&#8220;4_4&#8243; _builder_version=&#8220;4.4.4&#8243; global_colors_info=&#8220;{}&#8220;][et_pb_image src=&#8220;https:\/\/juergenbubeck.de\/wp-content\/uploads\/2022\/03\/MoorNacht3082.jpg&#8220; title_text=&#8220;MoorNacht#3082&#8243; align=&#8220;center&#8220; _builder_version=&#8220;4.14.6&#8243; global_colors_info=&#8220;{}&#8220;][\/et_pb_image][et_pb_text _builder_version=&#8220;4.14.6&#8243; text_text_color=&#8220;#686868&#8243; global_colors_info=&#8220;{}&#8220;]<\/p>\n<p style=\"text-align: center;\"><span>MoorNacht #3082<\/span><\/p>\n<p>[\/et_pb_text][et_pb_text _builder_version=&#8220;4.4.6&#8243; text_text_color=&#8220;#686868&#8243; global_colors_info=&#8220;{}&#8220;][\/et_pb_text][et_pb_text _builder_version=&#8220;4.4.6&#8243; text_text_color=&#8220;#686868&#8243; global_colors_info=&#8220;{}&#8220;][\/et_pb_text][\/et_pb_column][\/et_pb_row][et_pb_row admin_label=&#8220;Zeile&#8220; _builder_version=&#8220;4.4.6&#8243; global_colors_info=&#8220;{}&#8220;][et_pb_column type=&#8220;4_4&#8243; _builder_version=&#8220;4.4.4&#8243; global_colors_info=&#8220;{}&#8220;][et_pb_image src=&#8220;https:\/\/juergenbubeck.de\/wp-content\/uploads\/2022\/03\/MoorNacht3083.jpg&#8220; title_text=&#8220;MoorNacht#3083&#8243; align=&#8220;center&#8220; _builder_version=&#8220;4.14.6&#8243; global_colors_info=&#8220;{}&#8220;][\/et_pb_image][et_pb_text _builder_version=&#8220;4.14.6&#8243; text_text_color=&#8220;#686868&#8243; global_colors_info=&#8220;{}&#8220;]<\/p>\n<p style=\"text-align: center;\"><span>MoorNacht #3083<\/span><\/p>\n<p>[\/et_pb_text][et_pb_text _builder_version=&#8220;4.4.6&#8243; text_text_color=&#8220;#686868&#8243; global_colors_info=&#8220;{}&#8220;][\/et_pb_text][et_pb_text _builder_version=&#8220;4.4.6&#8243; text_text_color=&#8220;#686868&#8243; global_colors_info=&#8220;{}&#8220;][\/et_pb_text][\/et_pb_column][\/et_pb_row][et_pb_row admin_label=&#8220;Zeile&#8220; _builder_version=&#8220;4.4.6&#8243; global_colors_info=&#8220;{}&#8220;][et_pb_column type=&#8220;4_4&#8243; _builder_version=&#8220;4.4.4&#8243; global_colors_info=&#8220;{}&#8220;][et_pb_text _builder_version=&#8220;4.4.6&#8243; text_text_color=&#8220;#686868&#8243; global_colors_info=&#8220;{}&#8220;][\/et_pb_text][\/et_pb_column][\/et_pb_row][et_pb_row admin_label=&#8220;Zeile&#8220; _builder_version=&#8220;4.4.6&#8243; global_colors_info=&#8220;{}&#8220;][et_pb_column type=&#8220;4_4&#8243; _builder_version=&#8220;4.4.4&#8243; global_colors_info=&#8220;{}&#8220;][\/et_pb_column][\/et_pb_row][et_pb_row admin_label=&#8220;Zeile&#8220; _builder_version=&#8220;4.4.6&#8243; global_colors_info=&#8220;{}&#8220;][et_pb_column type=&#8220;4_4&#8243; _builder_version=&#8220;4.4.4&#8243; global_colors_info=&#8220;{}&#8220;][\/et_pb_column][\/et_pb_row][et_pb_row admin_label=&#8220;Zeile&#8220; _builder_version=&#8220;4.4.6&#8243; global_colors_info=&#8220;{}&#8220;][et_pb_column type=&#8220;4_4&#8243; _builder_version=&#8220;4.4.4&#8243; global_colors_info=&#8220;{}&#8220;][\/et_pb_column][\/et_pb_row][\/et_pb_section]<\/p>\n","protected":false},"excerpt":{"rendered":"<p>MoorNacht #3078MoorNacht Ein pl\u00f6tzlicher Platscher zerrei\u00dft die Stille in der Dunkelheit und l\u00e4sst mich zusammenzucken!\u00a0Ach ja, der Biber\u2026\u2026Meine n\u00e4chtlichen Betrachtungen k\u00f6nnen weitergehen. Ich stehe mit Kamera und Stativ\u00a0im Wurzacher Ried, eines der bedeutendsten Moorgebiete S\u00fcddeutschlands. Renaturierungen und Vern\u00e4ssungsma\u00dfnahmen haben das Moor gesichert, der seit ca. 2000 wieder dort ans\u00e4ssige Biber sorgt mit \u00fcber 80 D\u00e4mmen [&hellip;]<\/p>\n","protected":false},"author":1,"featured_media":0,"parent":0,"menu_order":0,"comment_status":"closed","ping_status":"closed","template":"","meta":{"_et_pb_use_builder":"on","_et_pb_old_content":"","_et_gb_content_width":"","footnotes":""},"class_list":["post-1306","page","type-page","status-publish","hentry"],"_links":{"self":[{"href":"https:\/\/juergenbubeck.de\/index.php?rest_route=\/wp\/v2\/pages\/1306","targetHints":{"allow":["GET"]}}],"collection":[{"href":"https:\/\/juergenbubeck.de\/index.php?rest_route=\/wp\/v2\/pages"}],"about":[{"href":"https:\/\/juergenbubeck.de\/index.php?rest_route=\/wp\/v2\/types\/page"}],"author":[{"embeddable":true,"href":"https:\/\/juergenbubeck.de\/index.php?rest_route=\/wp\/v2\/users\/1"}],"replies":[{"embeddable":true,"href":"https:\/\/juergenbubeck.de\/index.php?rest_route=%2Fwp%2Fv2%2Fcomments&post=1306"}],"version-history":[{"count":7,"href":"https:\/\/juergenbubeck.de\/index.php?rest_route=\/wp\/v2\/pages\/1306\/revisions"}],"predecessor-version":[{"id":1333,"href":"https:\/\/juergenbubeck.de\/index.php?rest_route=\/wp\/v2\/pages\/1306\/revisions\/1333"}],"wp:attachment":[{"href":"https:\/\/juergenbubeck.de\/index.php?rest_route=%2Fwp%2Fv2%2Fmedia&parent=1306"}],"curies":[{"name":"wp","href":"https:\/\/api.w.org\/{rel}","templated":true}]}}