{"id":1233,"date":"2022-01-20T12:56:53","date_gmt":"2022-01-20T12:56:53","guid":{"rendered":"https:\/\/juergenbubeck.de\/?page_id=1233"},"modified":"2022-06-26T18:36:14","modified_gmt":"2022-06-26T18:36:14","slug":"das-fantastische-menue-2","status":"publish","type":"page","link":"https:\/\/juergenbubeck.de\/?page_id=1233","title":{"rendered":"Das fantastische Men\u00fc 2"},"content":{"rendered":"<p>[et_pb_section fb_built=&#8220;1&#8243; _builder_version=&#8220;4.4.4&#8243; background_color=&#8220;#3f464d&#8220; global_colors_info=&#8220;{}&#8220;][et_pb_row _builder_version=&#8220;4.4.4&#8243; global_colors_info=&#8220;{}&#8220;][et_pb_column type=&#8220;4_4&#8243; _builder_version=&#8220;4.4.4&#8243; global_colors_info=&#8220;{}&#8220;][et_pb_image src=&#8220;https:\/\/juergenbubeck.de\/wp-content\/uploads\/2022\/01\/DasFantastischeMenue4193-1.jpg&#8220; title_text=&#8220;DasFantastischeMenue#4193&#8243; align=&#8220;center&#8220; _builder_version=&#8220;4.14.6&#8243; global_colors_info=&#8220;{}&#8220;][\/et_pb_image][et_pb_text _builder_version=&#8220;4.14.6&#8243; text_text_color=&#8220;#686868&#8243; global_colors_info=&#8220;{}&#8220;]<\/p>\n<p style=\"text-align: center;\"><span>Das fantastische Men\u00fc #4193<\/span><\/p>\n<p>[\/et_pb_text][et_pb_text _builder_version=&#8220;4.14.6&#8243; text_text_color=&#8220;#686868&#8243; hover_enabled=&#8220;0&#8243; global_colors_info=&#8220;{}&#8220; sticky_enabled=&#8220;0&#8243;]<\/p>\n<p>&nbsp;<\/p>\n<p><strong><span style=\"color: #999999;\">Das fantastische Men\u00fc &#8211; ein abstraktes Food-Konzept<\/span><\/strong><\/p>\n<p><span style=\"color: #999999;\">\u00a0<\/span><\/p>\n<p><span style=\"color: #999999;\">Die Still-Serie \u201eDas fantastische Men\u00fc\u201c erz\u00e4hlt von den fotografischen Experimenten aus dem visuellen Food-Labor von J\u00fcrgen Bubeck. In langwierigen laborartigen Prozessen werden allt\u00e4gliche Nahrungsmittel zubereitet, gegart, getrocknet, gehobelt, seziert und ins Zentrum der Betrachtung ger\u00fcckt. Je nach Motiv werden die Versatzst\u00fccke in der Bildanordnung collagiert und miteinander verkn\u00fcpft. Sie \u00fcberlagern sich, flie\u00dfen ineinander oder halten in einem ausgewogenen Ma\u00df Distanz, damit sich R\u00e4umlichkeit ausbildet. Willkommen im abstrakten Schlaraffenland!<span class=\"Apple-converted-space\">\u00a0<\/span><\/span><\/p>\n<p><span class=\"Apple-converted-space\" style=\"color: #999999;\"><\/span><\/p>\n<p><span style=\"color: #999999;\">Das Projekt wurde gef\u00f6rdert durch ein Stipendium des Ministeriums f\u00fcr Wissenschaft, Forschung und Kunst Baden-W\u00fcrttemberg<\/span><\/p>\n<p>&nbsp;<\/p>\n<p>&nbsp;<\/p>\n<p>[\/et_pb_text][et_pb_text _builder_version=&#8220;4.4.4&#8243; global_colors_info=&#8220;{}&#8220;][\/et_pb_text][\/et_pb_column][\/et_pb_row][et_pb_row _builder_version=&#8220;4.4.4&#8243; global_colors_info=&#8220;{}&#8220;][et_pb_column type=&#8220;4_4&#8243; _builder_version=&#8220;4.4.4&#8243; global_colors_info=&#8220;{}&#8220;][et_pb_image src=&#8220;https:\/\/juergenbubeck.de\/wp-content\/uploads\/2022\/01\/DasFantastischeMenue4194-1.jpg&#8220; title_text=&#8220;DasFantastischeMenue#4194&#8243; align=&#8220;center&#8220; _builder_version=&#8220;4.14.6&#8243; global_colors_info=&#8220;{}&#8220;][\/et_pb_image][et_pb_text _builder_version=&#8220;4.14.6&#8243; text_font=&#8220;||||||||&#8220; text_text_color=&#8220;#686868&#8243; global_colors_info=&#8220;{}&#8220;]<\/p>\n<p style=\"text-align: center;\"><span>Das fantastische Men\u00fc #4194<\/span><\/p>\n<p>[\/et_pb_text][et_pb_text _builder_version=&#8220;4.4.4&#8243; global_colors_info=&#8220;{}&#8220;][\/et_pb_text][\/et_pb_column][\/et_pb_row][et_pb_row _builder_version=&#8220;4.4.4&#8243; global_colors_info=&#8220;{}&#8220;][et_pb_column type=&#8220;4_4&#8243; _builder_version=&#8220;4.4.4&#8243; global_colors_info=&#8220;{}&#8220;][et_pb_image src=&#8220;https:\/\/juergenbubeck.de\/wp-content\/uploads\/2022\/01\/DasFantastischeMenue4195-1.jpg&#8220; title_text=&#8220;DasFantastischeMenue#4195&#8243; align=&#8220;center&#8220; _builder_version=&#8220;4.14.6&#8243; global_colors_info=&#8220;{}&#8220;][\/et_pb_image][et_pb_text _builder_version=&#8220;4.14.6&#8243; text_text_color=&#8220;#686868&#8243; global_colors_info=&#8220;{}&#8220;]<\/p>\n<p style=\"text-align: center;\"><span>Das fantastische Men\u00fc #4195<\/span><\/p>\n<p>[\/et_pb_text][et_pb_text _builder_version=&#8220;4.4.4&#8243; global_colors_info=&#8220;{}&#8220;][\/et_pb_text][\/et_pb_column][\/et_pb_row][et_pb_row _builder_version=&#8220;4.4.4&#8243; global_colors_info=&#8220;{}&#8220;][et_pb_column type=&#8220;4_4&#8243; _builder_version=&#8220;4.4.4&#8243; global_colors_info=&#8220;{}&#8220;][et_pb_image src=&#8220;https:\/\/juergenbubeck.de\/wp-content\/uploads\/2022\/01\/DasFantastischeMenue4198-1.jpg&#8220; title_text=&#8220;DasFantastischeMenue#4198&#8243; align=&#8220;center&#8220; _builder_version=&#8220;4.14.6&#8243; global_colors_info=&#8220;{}&#8220;][\/et_pb_image][et_pb_text _builder_version=&#8220;4.14.6&#8243; text_text_color=&#8220;#686868&#8243; global_colors_info=&#8220;{}&#8220;]<\/p>\n<p style=\"text-align: center;\"><span>Das fantastische Men\u00fc #4198<\/span><\/p>\n<p>[\/et_pb_text][et_pb_text _builder_version=&#8220;4.4.4&#8243; global_colors_info=&#8220;{}&#8220;][\/et_pb_text][\/et_pb_column][\/et_pb_row][et_pb_row _builder_version=&#8220;4.4.4&#8243; global_colors_info=&#8220;{}&#8220;][et_pb_column type=&#8220;4_4&#8243; _builder_version=&#8220;4.4.4&#8243; global_colors_info=&#8220;{}&#8220;][et_pb_image src=&#8220;https:\/\/juergenbubeck.de\/wp-content\/uploads\/2022\/01\/DasFantastischeMenue4200-1.jpg&#8220; title_text=&#8220;DasFantastischeMenue#4200&#8243; align=&#8220;center&#8220; _builder_version=&#8220;4.14.6&#8243; global_colors_info=&#8220;{}&#8220;][\/et_pb_image][et_pb_text _builder_version=&#8220;4.14.6&#8243; text_text_color=&#8220;#686868&#8243; global_colors_info=&#8220;{}&#8220;]<\/p>\n<p style=\"text-align: center;\"><span>Das fantastische Men\u00fc #4200<\/span><\/p>\n<p>[\/et_pb_text][et_pb_text _builder_version=&#8220;4.4.4&#8243; global_colors_info=&#8220;{}&#8220;][\/et_pb_text][\/et_pb_column][\/et_pb_row][et_pb_row _builder_version=&#8220;4.4.4&#8243; global_colors_info=&#8220;{}&#8220;][et_pb_column type=&#8220;4_4&#8243; _builder_version=&#8220;4.4.4&#8243; global_colors_info=&#8220;{}&#8220;][et_pb_image src=&#8220;https:\/\/juergenbubeck.de\/wp-content\/uploads\/2022\/01\/DasFantastischeMenue4202-1.jpg&#8220; title_text=&#8220;DasFantastischeMenue#4202&#8243; align=&#8220;center&#8220; _builder_version=&#8220;4.14.6&#8243; global_colors_info=&#8220;{}&#8220;][\/et_pb_image][et_pb_text _builder_version=&#8220;4.14.6&#8243; text_text_color=&#8220;#686868&#8243; global_colors_info=&#8220;{}&#8220;]<\/p>\n<p style=\"text-align: center;\"><span>Das fantastische Men\u00fc #4202<\/span><\/p>\n<p>[\/et_pb_text][et_pb_text _builder_version=&#8220;4.4.4&#8243; global_colors_info=&#8220;{}&#8220;][\/et_pb_text][\/et_pb_column][\/et_pb_row][\/et_pb_section]<\/p>\n","protected":false},"excerpt":{"rendered":"<p>Das fantastische Men\u00fc #4193&nbsp; Das fantastische Men\u00fc &#8211; ein abstraktes Food-Konzept \u00a0 Die Still-Serie \u201eDas fantastische Men\u00fc\u201c erz\u00e4hlt von den fotografischen Experimenten aus dem visuellen Food-Labor von J\u00fcrgen Bubeck. In langwierigen laborartigen Prozessen werden allt\u00e4gliche Nahrungsmittel zubereitet, gegart, getrocknet, gehobelt, seziert und ins Zentrum der Betrachtung ger\u00fcckt. Je nach Motiv werden die Versatzst\u00fccke in der [&hellip;]<\/p>\n","protected":false},"author":1,"featured_media":0,"parent":0,"menu_order":0,"comment_status":"closed","ping_status":"closed","template":"","meta":{"_et_pb_use_builder":"on","_et_pb_old_content":"","_et_gb_content_width":"","footnotes":""},"class_list":["post-1233","page","type-page","status-publish","hentry"],"_links":{"self":[{"href":"https:\/\/juergenbubeck.de\/index.php?rest_route=\/wp\/v2\/pages\/1233","targetHints":{"allow":["GET"]}}],"collection":[{"href":"https:\/\/juergenbubeck.de\/index.php?rest_route=\/wp\/v2\/pages"}],"about":[{"href":"https:\/\/juergenbubeck.de\/index.php?rest_route=\/wp\/v2\/types\/page"}],"author":[{"embeddable":true,"href":"https:\/\/juergenbubeck.de\/index.php?rest_route=\/wp\/v2\/users\/1"}],"replies":[{"embeddable":true,"href":"https:\/\/juergenbubeck.de\/index.php?rest_route=%2Fwp%2Fv2%2Fcomments&post=1233"}],"version-history":[{"count":8,"href":"https:\/\/juergenbubeck.de\/index.php?rest_route=\/wp\/v2\/pages\/1233\/revisions"}],"predecessor-version":[{"id":1405,"href":"https:\/\/juergenbubeck.de\/index.php?rest_route=\/wp\/v2\/pages\/1233\/revisions\/1405"}],"wp:attachment":[{"href":"https:\/\/juergenbubeck.de\/index.php?rest_route=%2Fwp%2Fv2%2Fmedia&parent=1233"}],"curies":[{"name":"wp","href":"https:\/\/api.w.org\/{rel}","templated":true}]}}